{"id":3259,"date":"2021-05-08T17:39:57","date_gmt":"2021-05-08T14:39:57","guid":{"rendered":"https:\/\/www.sgtd-terminal.com\/throughput\/"},"modified":"2026-01-12T15:41:02","modified_gmt":"2026-01-12T12:41:02","slug":"throughput","status":"publish","type":"page","link":"https:\/\/www.sgtd-terminal.com\/fr\/throughput\/","title":{"rendered":"Throughput"},"content":{"rendered":"\t\t<div data-elementor-type=\"wp-page\" data-elementor-id=\"3259\" class=\"elementor elementor-3259 elementor-3254\" data-elementor-post-type=\"page\">\n\t\t\t\t\t\t<section class=\"elementor-section elementor-top-section elementor-element elementor-element-008d385 elementor-section-boxed elementor-section-height-default elementor-section-height-default\" data-id=\"008d385\" data-element_type=\"section\" data-e-type=\"section\" data-settings=\"{&quot;background_background&quot;:&quot;classic&quot;}\">\n\t\t\t\t\t\t\t<div class=\"elementor-background-overlay\"><\/div>\n\t\t\t\t\t\t\t<div class=\"elementor-container elementor-column-gap-default\">\n\t\t\t\t\t<div class=\"elementor-column elementor-col-100 elementor-top-column elementor-element elementor-element-e028d1c\" data-id=\"e028d1c\" data-element_type=\"column\" data-e-type=\"column\" data-settings=\"{&quot;background_background&quot;:&quot;classic&quot;}\">\n\t\t\t<div class=\"elementor-widget-wrap elementor-element-populated\">\n\t\t\t\t\t\t<div class=\"elementor-element elementor-element-25ceeb8 elementor-widget elementor-widget-heading\" data-id=\"25ceeb8\" data-element_type=\"widget\" data-e-type=\"widget\" data-widget_type=\"heading.default\">\n\t\t\t\t<div class=\"elementor-widget-container\">\n\t\t\t\t\t<h1 class=\"elementor-heading-title elementor-size-default\">Throughput<\/h1>\t\t\t\t<\/div>\n\t\t\t\t<\/div>\n\t\t\t\t<div class=\"elementor-element elementor-element-b935f8f elementor-widget elementor-widget-heading\" data-id=\"b935f8f\" data-element_type=\"widget\" data-e-type=\"widget\" data-widget_type=\"heading.default\">\n\t\t\t\t<div class=\"elementor-widget-container\">\n\t\t\t\t\t<span class=\"elementor-heading-title elementor-size-default\">Accueil &gt; E-documents &gt; Throughput<\/span>\t\t\t\t<\/div>\n\t\t\t\t<\/div>\n\t\t\t\t\t<\/div>\n\t\t<\/div>\n\t\t\t\t\t<\/div>\n\t\t<\/section>\n\t\t\t\t<section class=\"elementor-section elementor-top-section elementor-element elementor-element-a9c9c13 elementor-section-boxed elementor-section-height-default elementor-section-height-default elementor-invisible\" data-id=\"a9c9c13\" data-element_type=\"section\" data-e-type=\"section\" data-settings=\"{&quot;animation&quot;:&quot;fadeIn&quot;}\">\n\t\t\t\t\t\t<div class=\"elementor-container elementor-column-gap-default\">\n\t\t\t\t\t<div class=\"elementor-column elementor-col-100 elementor-top-column elementor-element elementor-element-88ba095\" data-id=\"88ba095\" data-element_type=\"column\" data-e-type=\"column\">\n\t\t\t<div class=\"elementor-widget-wrap elementor-element-populated\">\n\t\t\t\t\t\t<section class=\"elementor-section elementor-inner-section elementor-element elementor-element-3b8d1e3 elementor-section-boxed elementor-section-height-default elementor-section-height-default\" data-id=\"3b8d1e3\" data-element_type=\"section\" data-e-type=\"section\">\n\t\t\t\t\t\t<div class=\"elementor-container elementor-column-gap-default\">\n\t\t\t\t\t<div class=\"elementor-column elementor-col-100 elementor-inner-column elementor-element elementor-element-462eb7e\" data-id=\"462eb7e\" data-element_type=\"column\" data-e-type=\"column\">\n\t\t\t<div class=\"elementor-widget-wrap elementor-element-populated\">\n\t\t\t\t\t\t<div class=\"elementor-element elementor-element-99db5ac elementor-widget elementor-widget-heading\" data-id=\"99db5ac\" data-element_type=\"widget\" data-e-type=\"widget\" data-widget_type=\"heading.default\">\n\t\t\t\t<div class=\"elementor-widget-container\">\n\t\t\t\t\t<h2 class=\"elementor-heading-title elementor-size-default\">2025<\/h2>\t\t\t\t<\/div>\n\t\t\t\t<\/div>\n\t\t\t\t<div class=\"elementor-element elementor-element-a22aaaa elementor-align-center elementor-icon-list--layout-traditional elementor-list-item-link-full_width elementor-widget elementor-widget-icon-list\" data-id=\"a22aaaa\" data-element_type=\"widget\" data-e-type=\"widget\" data-widget_type=\"icon-list.default\">\n\t\t\t\t<div class=\"elementor-widget-container\">\n\t\t\t\t\t\t\t<ul class=\"elementor-icon-list-items\">\n\t\t\t\t\t\t\t<li class=\"elementor-icon-list-item\">\n\t\t\t\t\t\t\t\t\t\t\t<a href=\"https:\/\/www.sgtd-terminal.com\/wp-content\/uploads\/2026\/01\/Throughput-2009-2025_2.pdf\" target=\"_blank\" rel=\"nofollow\">\n\n\t\t\t\t\t\t\t\t\t\t\t\t<span class=\"elementor-icon-list-icon\">\n\t\t\t\t\t\t\t<i aria-hidden=\"true\" class=\"fas fa-file-pdf\"><\/i>\t\t\t\t\t\t<\/span>\n\t\t\t\t\t\t\t\t\t\t<span class=\"elementor-icon-list-text\">Throughput 2009 - 2024<\/span>\n\t\t\t\t\t\t\t\t\t\t\t<\/a>\n\t\t\t\t\t\t\t\t\t<\/li>\n\t\t\t\t\t\t<\/ul>\n\t\t\t\t\t\t<\/div>\n\t\t\t\t<\/div>\n\t\t\t\t\t<\/div>\n\t\t<\/div>\n\t\t\t\t\t<\/div>\n\t\t<\/section>\n\t\t\t\t\t<\/div>\n\t\t<\/div>\n\t\t\t\t\t<\/div>\n\t\t<\/section>\n\t\t\t\t<\/div>\n\t\t","protected":false},"excerpt":{"rendered":"<p>Throughput Accueil &gt; E-documents &gt; Throughput 2025 Throughput 2009 &#8211; 2024<\/p>\n","protected":false},"author":1,"featured_media":3620,"parent":0,"menu_order":0,"comment_status":"closed","ping_status":"closed","template":"","meta":{"_uf_show_specific_survey":0,"_uf_disable_surveys":false,"footnotes":""},"class_list":["post-3259","page","type-page","status-publish","has-post-thumbnail","hentry"],"yoast_head":"<!-- This site is optimized with the Yoast SEO plugin v26.9 - https:\/\/yoast.com\/product\/yoast-seo-wordpress\/ -->\n<title>Throughput - SGTD<\/title>\n<meta name=\"description\" content=\"En savoir plus sur notre \u00e9volution du d\u00e9bit par activit\u00e9 (TEU)\" \/>\n<meta name=\"robots\" content=\"index, follow, max-snippet:-1, max-image-preview:large, max-video-preview:-1\" \/>\n<link rel=\"canonical\" href=\"https:\/\/www.sgtd-terminal.com\/fr\/throughput\/\" \/>\n<meta property=\"og:locale\" content=\"fr_FR\" \/>\n<meta property=\"og:type\" content=\"article\" \/>\n<meta property=\"og:title\" content=\"Throughput - SGTD\" \/>\n<meta property=\"og:description\" content=\"En savoir plus sur notre \u00e9volution du d\u00e9bit par activit\u00e9 (TEU)\" \/>\n<meta property=\"og:url\" content=\"https:\/\/www.sgtd-terminal.com\/fr\/throughput\/\" \/>\n<meta property=\"og:site_name\" content=\"SGTD\" \/>\n<meta property=\"article:modified_time\" content=\"2026-01-12T12:41:02+00:00\" \/>\n<meta property=\"og:image\" content=\"https:\/\/www.sgtd-terminal.com\/wp-content\/uploads\/2021\/06\/DJI_0831_OG.jpg\" \/>\n\t<meta property=\"og:image:width\" content=\"1200\" \/>\n\t<meta property=\"og:image:height\" content=\"630\" \/>\n\t<meta property=\"og:image:type\" content=\"image\/jpeg\" \/>\n<meta name=\"twitter:card\" content=\"summary_large_image\" \/>\n<meta name=\"twitter:label1\" content=\"Dur\u00e9e de lecture estim\u00e9e\" \/>\n\t<meta name=\"twitter:data1\" content=\"1 minute\" \/>\n<script type=\"application\/ld+json\" class=\"yoast-schema-graph\">{\"@context\":\"https:\/\/schema.org\",\"@graph\":[{\"@type\":\"WebPage\",\"@id\":\"https:\/\/www.sgtd-terminal.com\/fr\/throughput\/\",\"url\":\"https:\/\/www.sgtd-terminal.com\/fr\/throughput\/\",\"name\":\"Throughput - SGTD\",\"isPartOf\":{\"@id\":\"https:\/\/www.sgtd-terminal.com\/fr\/#website\"},\"primaryImageOfPage\":{\"@id\":\"https:\/\/www.sgtd-terminal.com\/fr\/throughput\/#primaryimage\"},\"image\":{\"@id\":\"https:\/\/www.sgtd-terminal.com\/fr\/throughput\/#primaryimage\"},\"thumbnailUrl\":\"https:\/\/www.sgtd-terminal.com\/wp-content\/uploads\/2021\/06\/DJI_0831_OG.jpg\",\"datePublished\":\"2021-05-08T14:39:57+00:00\",\"dateModified\":\"2026-01-12T12:41:02+00:00\",\"description\":\"En savoir plus sur notre \u00e9volution du d\u00e9bit par activit\u00e9 (TEU)\",\"inLanguage\":\"fr-FR\",\"potentialAction\":[{\"@type\":\"ReadAction\",\"target\":[\"https:\/\/www.sgtd-terminal.com\/fr\/throughput\/\"]}]},{\"@type\":\"ImageObject\",\"inLanguage\":\"fr-FR\",\"@id\":\"https:\/\/www.sgtd-terminal.com\/fr\/throughput\/#primaryimage\",\"url\":\"https:\/\/www.sgtd-terminal.com\/wp-content\/uploads\/2021\/06\/DJI_0831_OG.jpg\",\"contentUrl\":\"https:\/\/www.sgtd-terminal.com\/wp-content\/uploads\/2021\/06\/DJI_0831_OG.jpg\",\"width\":1200,\"height\":630},{\"@type\":\"WebSite\",\"@id\":\"https:\/\/www.sgtd-terminal.com\/fr\/#website\",\"url\":\"https:\/\/www.sgtd-terminal.com\/fr\/\",\"name\":\"SGTD\",\"description\":\"Soci\u00e9t\u00e9 de Gestion du Terminal \u00e0 conteneurs de Doraleh\",\"publisher\":{\"@id\":\"https:\/\/www.sgtd-terminal.com\/fr\/#organization\"},\"potentialAction\":[{\"@type\":\"SearchAction\",\"target\":{\"@type\":\"EntryPoint\",\"urlTemplate\":\"https:\/\/www.sgtd-terminal.com\/fr\/?s={search_term_string}\"},\"query-input\":{\"@type\":\"PropertyValueSpecification\",\"valueRequired\":true,\"valueName\":\"search_term_string\"}}],\"inLanguage\":\"fr-FR\"},{\"@type\":\"Organization\",\"@id\":\"https:\/\/www.sgtd-terminal.com\/fr\/#organization\",\"name\":\"SGTD\",\"url\":\"https:\/\/www.sgtd-terminal.com\/fr\/\",\"logo\":{\"@type\":\"ImageObject\",\"inLanguage\":\"fr-FR\",\"@id\":\"https:\/\/www.sgtd-terminal.com\/fr\/#\/schema\/logo\/image\/\",\"url\":\"https:\/\/www.sgtd-terminal.com\/wp-content\/uploads\/2020\/12\/SGTD-logo-black.png\",\"contentUrl\":\"https:\/\/www.sgtd-terminal.com\/wp-content\/uploads\/2020\/12\/SGTD-logo-black.png\",\"width\":400,\"height\":180,\"caption\":\"SGTD\"},\"image\":{\"@id\":\"https:\/\/www.sgtd-terminal.com\/fr\/#\/schema\/logo\/image\/\"}}]}<\/script>\n<!-- \/ Yoast SEO plugin. -->","yoast_head_json":{"title":"Throughput - SGTD","description":"En savoir plus sur notre \u00e9volution du d\u00e9bit par activit\u00e9 (TEU)","robots":{"index":"index","follow":"follow","max-snippet":"max-snippet:-1","max-image-preview":"max-image-preview:large","max-video-preview":"max-video-preview:-1"},"canonical":"https:\/\/www.sgtd-terminal.com\/fr\/throughput\/","og_locale":"fr_FR","og_type":"article","og_title":"Throughput - SGTD","og_description":"En savoir plus sur notre \u00e9volution du d\u00e9bit par activit\u00e9 (TEU)","og_url":"https:\/\/www.sgtd-terminal.com\/fr\/throughput\/","og_site_name":"SGTD","article_modified_time":"2026-01-12T12:41:02+00:00","og_image":[{"width":1200,"height":630,"url":"https:\/\/www.sgtd-terminal.com\/wp-content\/uploads\/2021\/06\/DJI_0831_OG.jpg","type":"image\/jpeg"}],"twitter_card":"summary_large_image","twitter_misc":{"Dur\u00e9e de lecture estim\u00e9e":"1 minute"},"schema":{"@context":"https:\/\/schema.org","@graph":[{"@type":"WebPage","@id":"https:\/\/www.sgtd-terminal.com\/fr\/throughput\/","url":"https:\/\/www.sgtd-terminal.com\/fr\/throughput\/","name":"Throughput - SGTD","isPartOf":{"@id":"https:\/\/www.sgtd-terminal.com\/fr\/#website"},"primaryImageOfPage":{"@id":"https:\/\/www.sgtd-terminal.com\/fr\/throughput\/#primaryimage"},"image":{"@id":"https:\/\/www.sgtd-terminal.com\/fr\/throughput\/#primaryimage"},"thumbnailUrl":"https:\/\/www.sgtd-terminal.com\/wp-content\/uploads\/2021\/06\/DJI_0831_OG.jpg","datePublished":"2021-05-08T14:39:57+00:00","dateModified":"2026-01-12T12:41:02+00:00","description":"En savoir plus sur notre \u00e9volution du d\u00e9bit par activit\u00e9 (TEU)","inLanguage":"fr-FR","potentialAction":[{"@type":"ReadAction","target":["https:\/\/www.sgtd-terminal.com\/fr\/throughput\/"]}]},{"@type":"ImageObject","inLanguage":"fr-FR","@id":"https:\/\/www.sgtd-terminal.com\/fr\/throughput\/#primaryimage","url":"https:\/\/www.sgtd-terminal.com\/wp-content\/uploads\/2021\/06\/DJI_0831_OG.jpg","contentUrl":"https:\/\/www.sgtd-terminal.com\/wp-content\/uploads\/2021\/06\/DJI_0831_OG.jpg","width":1200,"height":630},{"@type":"WebSite","@id":"https:\/\/www.sgtd-terminal.com\/fr\/#website","url":"https:\/\/www.sgtd-terminal.com\/fr\/","name":"SGTD","description":"Soci\u00e9t\u00e9 de Gestion du Terminal \u00e0 conteneurs de Doraleh","publisher":{"@id":"https:\/\/www.sgtd-terminal.com\/fr\/#organization"},"potentialAction":[{"@type":"SearchAction","target":{"@type":"EntryPoint","urlTemplate":"https:\/\/www.sgtd-terminal.com\/fr\/?s={search_term_string}"},"query-input":{"@type":"PropertyValueSpecification","valueRequired":true,"valueName":"search_term_string"}}],"inLanguage":"fr-FR"},{"@type":"Organization","@id":"https:\/\/www.sgtd-terminal.com\/fr\/#organization","name":"SGTD","url":"https:\/\/www.sgtd-terminal.com\/fr\/","logo":{"@type":"ImageObject","inLanguage":"fr-FR","@id":"https:\/\/www.sgtd-terminal.com\/fr\/#\/schema\/logo\/image\/","url":"https:\/\/www.sgtd-terminal.com\/wp-content\/uploads\/2020\/12\/SGTD-logo-black.png","contentUrl":"https:\/\/www.sgtd-terminal.com\/wp-content\/uploads\/2020\/12\/SGTD-logo-black.png","width":400,"height":180,"caption":"SGTD"},"image":{"@id":"https:\/\/www.sgtd-terminal.com\/fr\/#\/schema\/logo\/image\/"}}]}},"_links":{"self":[{"href":"https:\/\/www.sgtd-terminal.com\/fr\/wp-json\/wp\/v2\/pages\/3259","targetHints":{"allow":["GET"]}}],"collection":[{"href":"https:\/\/www.sgtd-terminal.com\/fr\/wp-json\/wp\/v2\/pages"}],"about":[{"href":"https:\/\/www.sgtd-terminal.com\/fr\/wp-json\/wp\/v2\/types\/page"}],"author":[{"embeddable":true,"href":"https:\/\/www.sgtd-terminal.com\/fr\/wp-json\/wp\/v2\/users\/1"}],"replies":[{"embeddable":true,"href":"https:\/\/www.sgtd-terminal.com\/fr\/wp-json\/wp\/v2\/comments?post=3259"}],"version-history":[{"count":43,"href":"https:\/\/www.sgtd-terminal.com\/fr\/wp-json\/wp\/v2\/pages\/3259\/revisions"}],"predecessor-version":[{"id":11890,"href":"https:\/\/www.sgtd-terminal.com\/fr\/wp-json\/wp\/v2\/pages\/3259\/revisions\/11890"}],"wp:featuredmedia":[{"embeddable":true,"href":"https:\/\/www.sgtd-terminal.com\/fr\/wp-json\/wp\/v2\/media\/3620"}],"wp:attachment":[{"href":"https:\/\/www.sgtd-terminal.com\/fr\/wp-json\/wp\/v2\/media?parent=3259"}],"curies":[{"name":"wp","href":"https:\/\/api.w.org\/{rel}","templated":true}]}}