{"id":3247,"date":"2021-05-08T17:34:04","date_gmt":"2021-05-08T14:34:04","guid":{"rendered":"https:\/\/www.sgtd-terminal.com\/performances\/"},"modified":"2026-02-04T10:49:09","modified_gmt":"2026-02-04T07:49:09","slug":"performances","status":"publish","type":"page","link":"https:\/\/www.sgtd-terminal.com\/fr\/performances\/","title":{"rendered":"Performances"},"content":{"rendered":"\t\t<div data-elementor-type=\"wp-page\" data-elementor-id=\"3247\" class=\"elementor elementor-3247 elementor-3236\" data-elementor-post-type=\"page\">\n\t\t\t\t\t\t<section class=\"elementor-section elementor-top-section elementor-element elementor-element-0d77a1e elementor-section-boxed elementor-section-height-default elementor-section-height-default\" data-id=\"0d77a1e\" data-element_type=\"section\" data-e-type=\"section\" data-settings=\"{&quot;background_background&quot;:&quot;classic&quot;}\">\n\t\t\t\t\t\t\t<div class=\"elementor-background-overlay\"><\/div>\n\t\t\t\t\t\t\t<div class=\"elementor-container elementor-column-gap-default\">\n\t\t\t\t\t<div class=\"elementor-column elementor-col-100 elementor-top-column elementor-element elementor-element-675aa26\" data-id=\"675aa26\" data-element_type=\"column\" data-e-type=\"column\" data-settings=\"{&quot;background_background&quot;:&quot;classic&quot;}\">\n\t\t\t<div class=\"elementor-widget-wrap elementor-element-populated\">\n\t\t\t\t\t\t<div class=\"elementor-element elementor-element-87b93fd elementor-widget elementor-widget-heading\" data-id=\"87b93fd\" data-element_type=\"widget\" data-e-type=\"widget\" data-widget_type=\"heading.default\">\n\t\t\t\t<div class=\"elementor-widget-container\">\n\t\t\t\t\t<h1 class=\"elementor-heading-title elementor-size-default\">Performances<\/h1>\t\t\t\t<\/div>\n\t\t\t\t<\/div>\n\t\t\t\t<div class=\"elementor-element elementor-element-a36fb48 elementor-widget elementor-widget-heading\" data-id=\"a36fb48\" data-element_type=\"widget\" data-e-type=\"widget\" data-widget_type=\"heading.default\">\n\t\t\t\t<div class=\"elementor-widget-container\">\n\t\t\t\t\t<span class=\"elementor-heading-title elementor-size-default\">Accueil &gt; E-documents &gt; Performances<\/span>\t\t\t\t<\/div>\n\t\t\t\t<\/div>\n\t\t\t\t\t<\/div>\n\t\t<\/div>\n\t\t\t\t\t<\/div>\n\t\t<\/section>\n\t\t\t\t<section class=\"elementor-section elementor-top-section elementor-element elementor-element-13d9877 elementor-section-boxed elementor-section-height-default elementor-section-height-default elementor-invisible\" data-id=\"13d9877\" data-element_type=\"section\" data-e-type=\"section\" data-settings=\"{&quot;animation&quot;:&quot;fadeIn&quot;}\">\n\t\t\t\t\t\t<div class=\"elementor-container elementor-column-gap-default\">\n\t\t\t\t\t<div class=\"elementor-column elementor-col-100 elementor-top-column elementor-element elementor-element-6f5e16e\" data-id=\"6f5e16e\" data-element_type=\"column\" data-e-type=\"column\">\n\t\t\t<div class=\"elementor-widget-wrap elementor-element-populated\">\n\t\t\t\t\t\t<section class=\"elementor-section elementor-inner-section elementor-element elementor-element-701fd3f elementor-section-boxed elementor-section-height-default elementor-section-height-default\" data-id=\"701fd3f\" data-element_type=\"section\" data-e-type=\"section\">\n\t\t\t\t\t\t<div class=\"elementor-container elementor-column-gap-default\">\n\t\t\t\t\t<div class=\"elementor-column elementor-col-100 elementor-inner-column elementor-element elementor-element-d3c9f28\" data-id=\"d3c9f28\" data-element_type=\"column\" data-e-type=\"column\">\n\t\t\t<div class=\"elementor-widget-wrap elementor-element-populated\">\n\t\t\t\t\t\t<div class=\"elementor-element elementor-element-4a0e63a elementor-widget elementor-widget-heading\" data-id=\"4a0e63a\" data-element_type=\"widget\" data-e-type=\"widget\" data-widget_type=\"heading.default\">\n\t\t\t\t<div class=\"elementor-widget-container\">\n\t\t\t\t\t<h2 class=\"elementor-heading-title elementor-size-default\">2025<\/h2>\t\t\t\t<\/div>\n\t\t\t\t<\/div>\n\t\t\t\t<div class=\"elementor-element elementor-element-51566c9 elementor-align-center elementor-icon-list--layout-traditional elementor-list-item-link-full_width elementor-widget elementor-widget-icon-list\" data-id=\"51566c9\" data-element_type=\"widget\" data-e-type=\"widget\" data-widget_type=\"icon-list.default\">\n\t\t\t\t<div class=\"elementor-widget-container\">\n\t\t\t\t\t\t\t<ul class=\"elementor-icon-list-items\">\n\t\t\t\t\t\t\t<li class=\"elementor-icon-list-item\">\n\t\t\t\t\t\t\t\t\t\t\t<a href=\"https:\/\/www.sgtd-terminal.com\/wp-content\/uploads\/2026\/02\/Performances-2025_2.pdf\" target=\"_blank\" rel=\"nofollow\">\n\n\t\t\t\t\t\t\t\t\t\t\t\t<span class=\"elementor-icon-list-icon\">\n\t\t\t\t\t\t\t<i aria-hidden=\"true\" class=\"fas fa-file-pdf\"><\/i>\t\t\t\t\t\t<\/span>\n\t\t\t\t\t\t\t\t\t\t<span class=\"elementor-icon-list-text\">Performances 2025<\/span>\n\t\t\t\t\t\t\t\t\t\t\t<\/a>\n\t\t\t\t\t\t\t\t\t<\/li>\n\t\t\t\t\t\t<\/ul>\n\t\t\t\t\t\t<\/div>\n\t\t\t\t<\/div>\n\t\t\t\t<div class=\"elementor-element elementor-element-2fbb288 elementor-widget elementor-widget-heading\" data-id=\"2fbb288\" data-element_type=\"widget\" data-e-type=\"widget\" data-widget_type=\"heading.default\">\n\t\t\t\t<div class=\"elementor-widget-container\">\n\t\t\t\t\t<h2 class=\"elementor-heading-title elementor-size-default\">2024<\/h2>\t\t\t\t<\/div>\n\t\t\t\t<\/div>\n\t\t\t\t<div class=\"elementor-element elementor-element-1559fc5 elementor-align-center elementor-icon-list--layout-traditional elementor-list-item-link-full_width elementor-widget elementor-widget-icon-list\" data-id=\"1559fc5\" data-element_type=\"widget\" data-e-type=\"widget\" data-widget_type=\"icon-list.default\">\n\t\t\t\t<div class=\"elementor-widget-container\">\n\t\t\t\t\t\t\t<ul class=\"elementor-icon-list-items\">\n\t\t\t\t\t\t\t<li class=\"elementor-icon-list-item\">\n\t\t\t\t\t\t\t\t\t\t\t<a href=\"https:\/\/www.sgtd-terminal.com\/wp-content\/uploads\/2025\/03\/Performances-2024-2.pdf\" target=\"_blank\" rel=\"nofollow\">\n\n\t\t\t\t\t\t\t\t\t\t\t\t<span class=\"elementor-icon-list-icon\">\n\t\t\t\t\t\t\t<i aria-hidden=\"true\" class=\"fas fa-file-pdf\"><\/i>\t\t\t\t\t\t<\/span>\n\t\t\t\t\t\t\t\t\t\t<span class=\"elementor-icon-list-text\">Performances 2024<\/span>\n\t\t\t\t\t\t\t\t\t\t\t<\/a>\n\t\t\t\t\t\t\t\t\t<\/li>\n\t\t\t\t\t\t<\/ul>\n\t\t\t\t\t\t<\/div>\n\t\t\t\t<\/div>\n\t\t\t\t<div class=\"elementor-element elementor-element-f674c24 elementor-widget elementor-widget-heading\" data-id=\"f674c24\" data-element_type=\"widget\" data-e-type=\"widget\" data-widget_type=\"heading.default\">\n\t\t\t\t<div class=\"elementor-widget-container\">\n\t\t\t\t\t<h2 class=\"elementor-heading-title elementor-size-default\">2023<\/h2>\t\t\t\t<\/div>\n\t\t\t\t<\/div>\n\t\t\t\t<div class=\"elementor-element elementor-element-f163656 elementor-align-center elementor-icon-list--layout-traditional elementor-list-item-link-full_width elementor-widget elementor-widget-icon-list\" data-id=\"f163656\" data-element_type=\"widget\" data-e-type=\"widget\" data-widget_type=\"icon-list.default\">\n\t\t\t\t<div class=\"elementor-widget-container\">\n\t\t\t\t\t\t\t<ul class=\"elementor-icon-list-items\">\n\t\t\t\t\t\t\t<li class=\"elementor-icon-list-item\">\n\t\t\t\t\t\t\t\t\t\t\t<a href=\"https:\/\/www.sgtd-terminal.com\/wp-content\/uploads\/2024\/01\/Performances-2023_2.pdf\" target=\"_blank\" rel=\"nofollow\">\n\n\t\t\t\t\t\t\t\t\t\t\t\t<span class=\"elementor-icon-list-icon\">\n\t\t\t\t\t\t\t<i aria-hidden=\"true\" class=\"fas fa-file-pdf\"><\/i>\t\t\t\t\t\t<\/span>\n\t\t\t\t\t\t\t\t\t\t<span class=\"elementor-icon-list-text\">Performances 2023<\/span>\n\t\t\t\t\t\t\t\t\t\t\t<\/a>\n\t\t\t\t\t\t\t\t\t<\/li>\n\t\t\t\t\t\t<\/ul>\n\t\t\t\t\t\t<\/div>\n\t\t\t\t<\/div>\n\t\t\t\t<div class=\"elementor-element elementor-element-9ddfa0b elementor-widget elementor-widget-heading\" data-id=\"9ddfa0b\" data-element_type=\"widget\" data-e-type=\"widget\" data-widget_type=\"heading.default\">\n\t\t\t\t<div class=\"elementor-widget-container\">\n\t\t\t\t\t<h2 class=\"elementor-heading-title elementor-size-default\">2022<\/h2>\t\t\t\t<\/div>\n\t\t\t\t<\/div>\n\t\t\t\t<div class=\"elementor-element elementor-element-8a40b24 elementor-align-center elementor-icon-list--layout-traditional elementor-list-item-link-full_width elementor-widget elementor-widget-icon-list\" data-id=\"8a40b24\" data-element_type=\"widget\" data-e-type=\"widget\" data-widget_type=\"icon-list.default\">\n\t\t\t\t<div class=\"elementor-widget-container\">\n\t\t\t\t\t\t\t<ul class=\"elementor-icon-list-items\">\n\t\t\t\t\t\t\t<li class=\"elementor-icon-list-item\">\n\t\t\t\t\t\t\t\t\t\t\t<a href=\"https:\/\/www.sgtd-terminal.com\/wp-content\/uploads\/2023\/09\/Performances-2022_2.pdf\" target=\"_blank\" rel=\"nofollow\">\n\n\t\t\t\t\t\t\t\t\t\t\t\t<span class=\"elementor-icon-list-icon\">\n\t\t\t\t\t\t\t<i aria-hidden=\"true\" class=\"fas fa-file-pdf\"><\/i>\t\t\t\t\t\t<\/span>\n\t\t\t\t\t\t\t\t\t\t<span class=\"elementor-icon-list-text\">Performances 2022<\/span>\n\t\t\t\t\t\t\t\t\t\t\t<\/a>\n\t\t\t\t\t\t\t\t\t<\/li>\n\t\t\t\t\t\t<\/ul>\n\t\t\t\t\t\t<\/div>\n\t\t\t\t<\/div>\n\t\t\t\t<div class=\"elementor-element elementor-element-f6ff4ca elementor-widget elementor-widget-heading\" data-id=\"f6ff4ca\" data-element_type=\"widget\" data-e-type=\"widget\" data-widget_type=\"heading.default\">\n\t\t\t\t<div class=\"elementor-widget-container\">\n\t\t\t\t\t<h2 class=\"elementor-heading-title elementor-size-default\">2021<\/h2>\t\t\t\t<\/div>\n\t\t\t\t<\/div>\n\t\t\t\t<div class=\"elementor-element elementor-element-23318e6 elementor-align-center elementor-icon-list--layout-traditional elementor-list-item-link-full_width elementor-widget elementor-widget-icon-list\" data-id=\"23318e6\" data-element_type=\"widget\" data-e-type=\"widget\" data-widget_type=\"icon-list.default\">\n\t\t\t\t<div class=\"elementor-widget-container\">\n\t\t\t\t\t\t\t<ul class=\"elementor-icon-list-items\">\n\t\t\t\t\t\t\t<li class=\"elementor-icon-list-item\">\n\t\t\t\t\t\t\t\t\t\t\t<a href=\"https:\/\/www.sgtd-terminal.com\/wp-content\/uploads\/2023\/09\/Performances-2021_2.pdf\" target=\"_blank\" rel=\"nofollow\">\n\n\t\t\t\t\t\t\t\t\t\t\t\t<span class=\"elementor-icon-list-icon\">\n\t\t\t\t\t\t\t<i aria-hidden=\"true\" class=\"fas fa-file-pdf\"><\/i>\t\t\t\t\t\t<\/span>\n\t\t\t\t\t\t\t\t\t\t<span class=\"elementor-icon-list-text\">Performances 2021<\/span>\n\t\t\t\t\t\t\t\t\t\t\t<\/a>\n\t\t\t\t\t\t\t\t\t<\/li>\n\t\t\t\t\t\t<\/ul>\n\t\t\t\t\t\t<\/div>\n\t\t\t\t<\/div>\n\t\t\t\t<div class=\"elementor-element elementor-element-7f7ab6c elementor-widget elementor-widget-heading\" data-id=\"7f7ab6c\" data-element_type=\"widget\" data-e-type=\"widget\" data-widget_type=\"heading.default\">\n\t\t\t\t<div class=\"elementor-widget-container\">\n\t\t\t\t\t<h2 class=\"elementor-heading-title elementor-size-default\">2020<\/h2>\t\t\t\t<\/div>\n\t\t\t\t<\/div>\n\t\t\t\t<div class=\"elementor-element elementor-element-742643c elementor-align-center elementor-icon-list--layout-traditional elementor-list-item-link-full_width elementor-widget elementor-widget-icon-list\" data-id=\"742643c\" data-element_type=\"widget\" data-e-type=\"widget\" data-widget_type=\"icon-list.default\">\n\t\t\t\t<div class=\"elementor-widget-container\">\n\t\t\t\t\t\t\t<ul class=\"elementor-icon-list-items\">\n\t\t\t\t\t\t\t<li class=\"elementor-icon-list-item\">\n\t\t\t\t\t\t\t\t\t\t\t<a href=\"https:\/\/www.sgtd-terminal.com\/wp-content\/uploads\/2023\/09\/Performances-2020_2.pdf\" target=\"_blank\" rel=\"nofollow\">\n\n\t\t\t\t\t\t\t\t\t\t\t\t<span class=\"elementor-icon-list-icon\">\n\t\t\t\t\t\t\t<i aria-hidden=\"true\" class=\"fas fa-file-pdf\"><\/i>\t\t\t\t\t\t<\/span>\n\t\t\t\t\t\t\t\t\t\t<span class=\"elementor-icon-list-text\">Performances 2020<\/span>\n\t\t\t\t\t\t\t\t\t\t\t<\/a>\n\t\t\t\t\t\t\t\t\t<\/li>\n\t\t\t\t\t\t<\/ul>\n\t\t\t\t\t\t<\/div>\n\t\t\t\t<\/div>\n\t\t\t\t\t<\/div>\n\t\t<\/div>\n\t\t\t\t\t<\/div>\n\t\t<\/section>\n\t\t\t\t\t<\/div>\n\t\t<\/div>\n\t\t\t\t\t<\/div>\n\t\t<\/section>\n\t\t\t\t<\/div>\n\t\t","protected":false},"excerpt":{"rendered":"<p>Performances Accueil &gt; E-documents &gt; Performances 2025 Performances 2025 2024 Performances 2024 2023 Performances 2023 2022 Performances 2022 2021 Performances 2021 2020 Performances 2020<\/p>\n","protected":false},"author":1,"featured_media":3624,"parent":0,"menu_order":0,"comment_status":"closed","ping_status":"closed","template":"","meta":{"_uf_show_specific_survey":0,"_uf_disable_surveys":false,"footnotes":""},"class_list":["post-3247","page","type-page","status-publish","has-post-thumbnail","hentry"],"yoast_head":"<!-- This site is optimized with the Yoast SEO plugin v26.9 - https:\/\/yoast.com\/product\/yoast-seo-wordpress\/ -->\n<title>Performances - SGTD<\/title>\n<meta name=\"description\" content=\"En savoir plus sur la performance op\u00e9rationnelle de notre Terminal\" \/>\n<meta name=\"robots\" content=\"index, follow, max-snippet:-1, max-image-preview:large, max-video-preview:-1\" \/>\n<link rel=\"canonical\" href=\"https:\/\/www.sgtd-terminal.com\/fr\/performances\/\" \/>\n<meta property=\"og:locale\" content=\"fr_FR\" \/>\n<meta property=\"og:type\" content=\"article\" \/>\n<meta property=\"og:title\" content=\"Performances - SGTD\" \/>\n<meta property=\"og:description\" content=\"En savoir plus sur la performance op\u00e9rationnelle de notre Terminal\" \/>\n<meta property=\"og:url\" content=\"https:\/\/www.sgtd-terminal.com\/fr\/performances\/\" \/>\n<meta property=\"og:site_name\" content=\"SGTD\" \/>\n<meta property=\"article:modified_time\" content=\"2026-02-04T07:49:09+00:00\" \/>\n<meta property=\"og:image\" content=\"https:\/\/www.sgtd-terminal.com\/wp-content\/uploads\/2021\/06\/DJI_0872_OG.jpg\" \/>\n\t<meta property=\"og:image:width\" content=\"1200\" \/>\n\t<meta property=\"og:image:height\" content=\"630\" \/>\n\t<meta property=\"og:image:type\" content=\"image\/jpeg\" \/>\n<meta name=\"twitter:card\" content=\"summary_large_image\" \/>\n<meta name=\"twitter:label1\" content=\"Dur\u00e9e de lecture estim\u00e9e\" \/>\n\t<meta name=\"twitter:data1\" content=\"1 minute\" \/>\n<script type=\"application\/ld+json\" class=\"yoast-schema-graph\">{\"@context\":\"https:\/\/schema.org\",\"@graph\":[{\"@type\":\"WebPage\",\"@id\":\"https:\/\/www.sgtd-terminal.com\/fr\/performances\/\",\"url\":\"https:\/\/www.sgtd-terminal.com\/fr\/performances\/\",\"name\":\"Performances - SGTD\",\"isPartOf\":{\"@id\":\"https:\/\/www.sgtd-terminal.com\/fr\/#website\"},\"primaryImageOfPage\":{\"@id\":\"https:\/\/www.sgtd-terminal.com\/fr\/performances\/#primaryimage\"},\"image\":{\"@id\":\"https:\/\/www.sgtd-terminal.com\/fr\/performances\/#primaryimage\"},\"thumbnailUrl\":\"https:\/\/www.sgtd-terminal.com\/wp-content\/uploads\/2021\/06\/DJI_0872_OG.jpg\",\"datePublished\":\"2021-05-08T14:34:04+00:00\",\"dateModified\":\"2026-02-04T07:49:09+00:00\",\"description\":\"En savoir plus sur la performance op\u00e9rationnelle de notre Terminal\",\"inLanguage\":\"fr-FR\",\"potentialAction\":[{\"@type\":\"ReadAction\",\"target\":[\"https:\/\/www.sgtd-terminal.com\/fr\/performances\/\"]}]},{\"@type\":\"ImageObject\",\"inLanguage\":\"fr-FR\",\"@id\":\"https:\/\/www.sgtd-terminal.com\/fr\/performances\/#primaryimage\",\"url\":\"https:\/\/www.sgtd-terminal.com\/wp-content\/uploads\/2021\/06\/DJI_0872_OG.jpg\",\"contentUrl\":\"https:\/\/www.sgtd-terminal.com\/wp-content\/uploads\/2021\/06\/DJI_0872_OG.jpg\",\"width\":1200,\"height\":630},{\"@type\":\"WebSite\",\"@id\":\"https:\/\/www.sgtd-terminal.com\/fr\/#website\",\"url\":\"https:\/\/www.sgtd-terminal.com\/fr\/\",\"name\":\"SGTD\",\"description\":\"Soci\u00e9t\u00e9 de Gestion du Terminal \u00e0 conteneurs de Doraleh\",\"publisher\":{\"@id\":\"https:\/\/www.sgtd-terminal.com\/fr\/#organization\"},\"potentialAction\":[{\"@type\":\"SearchAction\",\"target\":{\"@type\":\"EntryPoint\",\"urlTemplate\":\"https:\/\/www.sgtd-terminal.com\/fr\/?s={search_term_string}\"},\"query-input\":{\"@type\":\"PropertyValueSpecification\",\"valueRequired\":true,\"valueName\":\"search_term_string\"}}],\"inLanguage\":\"fr-FR\"},{\"@type\":\"Organization\",\"@id\":\"https:\/\/www.sgtd-terminal.com\/fr\/#organization\",\"name\":\"SGTD\",\"url\":\"https:\/\/www.sgtd-terminal.com\/fr\/\",\"logo\":{\"@type\":\"ImageObject\",\"inLanguage\":\"fr-FR\",\"@id\":\"https:\/\/www.sgtd-terminal.com\/fr\/#\/schema\/logo\/image\/\",\"url\":\"https:\/\/www.sgtd-terminal.com\/wp-content\/uploads\/2020\/12\/SGTD-logo-black.png\",\"contentUrl\":\"https:\/\/www.sgtd-terminal.com\/wp-content\/uploads\/2020\/12\/SGTD-logo-black.png\",\"width\":400,\"height\":180,\"caption\":\"SGTD\"},\"image\":{\"@id\":\"https:\/\/www.sgtd-terminal.com\/fr\/#\/schema\/logo\/image\/\"}}]}<\/script>\n<!-- \/ Yoast SEO plugin. -->","yoast_head_json":{"title":"Performances - SGTD","description":"En savoir plus sur la performance op\u00e9rationnelle de notre Terminal","robots":{"index":"index","follow":"follow","max-snippet":"max-snippet:-1","max-image-preview":"max-image-preview:large","max-video-preview":"max-video-preview:-1"},"canonical":"https:\/\/www.sgtd-terminal.com\/fr\/performances\/","og_locale":"fr_FR","og_type":"article","og_title":"Performances - SGTD","og_description":"En savoir plus sur la performance op\u00e9rationnelle de notre Terminal","og_url":"https:\/\/www.sgtd-terminal.com\/fr\/performances\/","og_site_name":"SGTD","article_modified_time":"2026-02-04T07:49:09+00:00","og_image":[{"width":1200,"height":630,"url":"https:\/\/www.sgtd-terminal.com\/wp-content\/uploads\/2021\/06\/DJI_0872_OG.jpg","type":"image\/jpeg"}],"twitter_card":"summary_large_image","twitter_misc":{"Dur\u00e9e de lecture estim\u00e9e":"1 minute"},"schema":{"@context":"https:\/\/schema.org","@graph":[{"@type":"WebPage","@id":"https:\/\/www.sgtd-terminal.com\/fr\/performances\/","url":"https:\/\/www.sgtd-terminal.com\/fr\/performances\/","name":"Performances - SGTD","isPartOf":{"@id":"https:\/\/www.sgtd-terminal.com\/fr\/#website"},"primaryImageOfPage":{"@id":"https:\/\/www.sgtd-terminal.com\/fr\/performances\/#primaryimage"},"image":{"@id":"https:\/\/www.sgtd-terminal.com\/fr\/performances\/#primaryimage"},"thumbnailUrl":"https:\/\/www.sgtd-terminal.com\/wp-content\/uploads\/2021\/06\/DJI_0872_OG.jpg","datePublished":"2021-05-08T14:34:04+00:00","dateModified":"2026-02-04T07:49:09+00:00","description":"En savoir plus sur la performance op\u00e9rationnelle de notre Terminal","inLanguage":"fr-FR","potentialAction":[{"@type":"ReadAction","target":["https:\/\/www.sgtd-terminal.com\/fr\/performances\/"]}]},{"@type":"ImageObject","inLanguage":"fr-FR","@id":"https:\/\/www.sgtd-terminal.com\/fr\/performances\/#primaryimage","url":"https:\/\/www.sgtd-terminal.com\/wp-content\/uploads\/2021\/06\/DJI_0872_OG.jpg","contentUrl":"https:\/\/www.sgtd-terminal.com\/wp-content\/uploads\/2021\/06\/DJI_0872_OG.jpg","width":1200,"height":630},{"@type":"WebSite","@id":"https:\/\/www.sgtd-terminal.com\/fr\/#website","url":"https:\/\/www.sgtd-terminal.com\/fr\/","name":"SGTD","description":"Soci\u00e9t\u00e9 de Gestion du Terminal \u00e0 conteneurs de Doraleh","publisher":{"@id":"https:\/\/www.sgtd-terminal.com\/fr\/#organization"},"potentialAction":[{"@type":"SearchAction","target":{"@type":"EntryPoint","urlTemplate":"https:\/\/www.sgtd-terminal.com\/fr\/?s={search_term_string}"},"query-input":{"@type":"PropertyValueSpecification","valueRequired":true,"valueName":"search_term_string"}}],"inLanguage":"fr-FR"},{"@type":"Organization","@id":"https:\/\/www.sgtd-terminal.com\/fr\/#organization","name":"SGTD","url":"https:\/\/www.sgtd-terminal.com\/fr\/","logo":{"@type":"ImageObject","inLanguage":"fr-FR","@id":"https:\/\/www.sgtd-terminal.com\/fr\/#\/schema\/logo\/image\/","url":"https:\/\/www.sgtd-terminal.com\/wp-content\/uploads\/2020\/12\/SGTD-logo-black.png","contentUrl":"https:\/\/www.sgtd-terminal.com\/wp-content\/uploads\/2020\/12\/SGTD-logo-black.png","width":400,"height":180,"caption":"SGTD"},"image":{"@id":"https:\/\/www.sgtd-terminal.com\/fr\/#\/schema\/logo\/image\/"}}]}},"_links":{"self":[{"href":"https:\/\/www.sgtd-terminal.com\/fr\/wp-json\/wp\/v2\/pages\/3247","targetHints":{"allow":["GET"]}}],"collection":[{"href":"https:\/\/www.sgtd-terminal.com\/fr\/wp-json\/wp\/v2\/pages"}],"about":[{"href":"https:\/\/www.sgtd-terminal.com\/fr\/wp-json\/wp\/v2\/types\/page"}],"author":[{"embeddable":true,"href":"https:\/\/www.sgtd-terminal.com\/fr\/wp-json\/wp\/v2\/users\/1"}],"replies":[{"embeddable":true,"href":"https:\/\/www.sgtd-terminal.com\/fr\/wp-json\/wp\/v2\/comments?post=3247"}],"version-history":[{"count":124,"href":"https:\/\/www.sgtd-terminal.com\/fr\/wp-json\/wp\/v2\/pages\/3247\/revisions"}],"predecessor-version":[{"id":11968,"href":"https:\/\/www.sgtd-terminal.com\/fr\/wp-json\/wp\/v2\/pages\/3247\/revisions\/11968"}],"wp:featuredmedia":[{"embeddable":true,"href":"https:\/\/www.sgtd-terminal.com\/fr\/wp-json\/wp\/v2\/media\/3624"}],"wp:attachment":[{"href":"https:\/\/www.sgtd-terminal.com\/fr\/wp-json\/wp\/v2\/media?parent=3247"}],"curies":[{"name":"wp","href":"https:\/\/api.w.org\/{rel}","templated":true}]}}