{"id":163,"date":"2020-12-21T11:15:05","date_gmt":"2020-12-21T08:15:05","guid":{"rendered":"https:\/\/www.sgtd-terminal.com\/?page_id=163"},"modified":"2024-06-08T11:50:28","modified_gmt":"2024-06-08T08:50:28","slug":"contact","status":"publish","type":"page","link":"https:\/\/www.sgtd-terminal.com\/fr\/contact\/","title":{"rendered":"Contactez-nous"},"content":{"rendered":"\t\t<div data-elementor-type=\"wp-page\" data-elementor-id=\"163\" class=\"elementor elementor-163 elementor-161\" data-elementor-post-type=\"page\">\n\t\t\t\t\t\t<section class=\"elementor-section elementor-top-section elementor-element elementor-element-961dc54 elementor-section-boxed elementor-section-height-default elementor-section-height-default\" data-id=\"961dc54\" data-element_type=\"section\" data-e-type=\"section\" data-settings=\"{&quot;background_background&quot;:&quot;classic&quot;}\">\n\t\t\t\t\t\t\t<div class=\"elementor-background-overlay\"><\/div>\n\t\t\t\t\t\t\t<div class=\"elementor-container elementor-column-gap-default\">\n\t\t\t\t\t<div class=\"elementor-column elementor-col-100 elementor-top-column elementor-element elementor-element-e6e49f6\" data-id=\"e6e49f6\" data-element_type=\"column\" data-e-type=\"column\" data-settings=\"{&quot;background_background&quot;:&quot;classic&quot;}\">\n\t\t\t<div class=\"elementor-widget-wrap elementor-element-populated\">\n\t\t\t\t\t\t<div class=\"elementor-element elementor-element-7fb5937 elementor-widget elementor-widget-heading\" data-id=\"7fb5937\" data-element_type=\"widget\" data-e-type=\"widget\" data-widget_type=\"heading.default\">\n\t\t\t\t<div class=\"elementor-widget-container\">\n\t\t\t\t\t<h1 class=\"elementor-heading-title elementor-size-default\">Contactez-nous<\/h1>\t\t\t\t<\/div>\n\t\t\t\t<\/div>\n\t\t\t\t<div class=\"elementor-element elementor-element-20231e8 elementor-widget elementor-widget-heading\" data-id=\"20231e8\" data-element_type=\"widget\" data-e-type=\"widget\" data-widget_type=\"heading.default\">\n\t\t\t\t<div class=\"elementor-widget-container\">\n\t\t\t\t\t<span class=\"elementor-heading-title elementor-size-default\">Accueil &gt; Contactez-nous<\/span>\t\t\t\t<\/div>\n\t\t\t\t<\/div>\n\t\t\t\t\t<\/div>\n\t\t<\/div>\n\t\t\t\t\t<\/div>\n\t\t<\/section>\n\t\t\t\t<section class=\"elementor-section elementor-top-section elementor-element elementor-element-ab0a0d0 elementor-section-boxed elementor-section-height-default elementor-section-height-default elementor-invisible\" data-id=\"ab0a0d0\" data-element_type=\"section\" data-e-type=\"section\" data-settings=\"{&quot;animation&quot;:&quot;fadeIn&quot;}\">\n\t\t\t\t\t\t<div class=\"elementor-container elementor-column-gap-default\">\n\t\t\t\t\t<div class=\"elementor-column elementor-col-100 elementor-top-column elementor-element elementor-element-baf3881\" data-id=\"baf3881\" data-element_type=\"column\" data-e-type=\"column\">\n\t\t\t<div class=\"elementor-widget-wrap elementor-element-populated\">\n\t\t\t\t\t\t<div class=\"elementor-element elementor-element-955e59d elementor-widget elementor-widget-text-editor\" data-id=\"955e59d\" data-element_type=\"widget\" data-e-type=\"widget\" data-widget_type=\"text-editor.default\">\n\t\t\t\t<div class=\"elementor-widget-container\">\n\t\t\t\t\t\t\t\t\t<div class=\"elementor-element elementor-element-7b1b556 elementor-widget elementor-widget-text-editor\" data-id=\"7b1b556\" data-element_type=\"widget\" data-widget_type=\"text-editor.default\">\n<div class=\"elementor-widget-container\">\n<div class=\"elementor-text-editor elementor-clearfix\">Pour en savoir plus sur nous, connectez-vous avec nos \u00e9quipes en remplissant le formulaire de contact<\/div>\n<\/div>\n<\/div>\n\t\t\t\t\t\t\t\t<\/div>\n\t\t\t\t<\/div>\n\t\t\t\t\t<\/div>\n\t\t<\/div>\n\t\t\t\t\t<\/div>\n\t\t<\/section>\n\t\t\t\t<section class=\"elementor-section elementor-top-section elementor-element elementor-element-731fffb elementor-section-boxed elementor-section-height-default elementor-section-height-default elementor-invisible\" data-id=\"731fffb\" data-element_type=\"section\" data-e-type=\"section\" data-settings=\"{&quot;animation&quot;:&quot;fadeIn&quot;}\">\n\t\t\t\t\t\t<div class=\"elementor-container elementor-column-gap-default\">\n\t\t\t\t\t<div class=\"elementor-column elementor-col-50 elementor-top-column elementor-element elementor-element-6228c13\" data-id=\"6228c13\" data-element_type=\"column\" data-e-type=\"column\" data-settings=\"{&quot;background_background&quot;:&quot;classic&quot;}\">\n\t\t\t<div class=\"elementor-widget-wrap elementor-element-populated\">\n\t\t\t\t\t\t<div class=\"elementor-element elementor-element-ba407e6 elementor-widget elementor-widget-heading\" data-id=\"ba407e6\" data-element_type=\"widget\" data-e-type=\"widget\" data-widget_type=\"heading.default\">\n\t\t\t\t<div class=\"elementor-widget-container\">\n\t\t\t\t\t<h2 class=\"elementor-heading-title elementor-size-default\">Informations de contact<\/h2>\t\t\t\t<\/div>\n\t\t\t\t<\/div>\n\t\t\t\t<div class=\"elementor-element elementor-element-283aa56 elementor-widget elementor-widget-text-editor\" data-id=\"283aa56\" data-element_type=\"widget\" data-e-type=\"widget\" data-widget_type=\"text-editor.default\">\n\t\t\t\t<div class=\"elementor-widget-container\">\n\t\t\t\t\t\t\t\t\t<p><strong>Service client : <\/strong><br \/><a href=\"Customerservice.dct@dct.dj\">Customerservice.dct@dct.dj<\/a><\/p>\n<p><strong>T\u00e9l\u00e9phone : <\/strong><br \/>+ 253 21 317 317<\/p>\n<p><strong>Adresse : <\/strong><br \/><span style=\"font-weight: 500;\">Soci\u00e9t\u00e9 de Gestion du Terminal<br \/>\u00e0 conteneurs de Doraleh (SGTD)<\/span><br \/>PO Box 2081<br \/>Doraleh, Djibouti<br \/>Republic of Djibouti<\/p>\n<p><strong>Suivez-nous :<\/strong><\/p>\n\t\t\t\t\t\t\t\t<\/div>\n\t\t\t\t<\/div>\n\t\t\t\t<div class=\"elementor-element elementor-element-8db341e elementor-shape-circle e-grid-align-left e-grid-align-mobile-center elementor-grid-0 elementor-widget elementor-widget-social-icons\" data-id=\"8db341e\" data-element_type=\"widget\" data-e-type=\"widget\" data-widget_type=\"social-icons.default\">\n\t\t\t\t<div class=\"elementor-widget-container\">\n\t\t\t\t\t\t\t<div class=\"elementor-social-icons-wrapper elementor-grid\" role=\"list\">\n\t\t\t\t\t\t\t<span class=\"elementor-grid-item\" role=\"listitem\">\n\t\t\t\t\t<a class=\"elementor-icon elementor-social-icon elementor-social-icon-facebook elementor-repeater-item-b38ffa6\" href=\"https:\/\/www.facebook.com\/sgtdjiboutiport\" target=\"_blank\">\n\t\t\t\t\t\t<span class=\"elementor-screen-only\">Facebook<\/span>\n\t\t\t\t\t\t<i aria-hidden=\"true\" class=\"fab fa-facebook\"><\/i>\t\t\t\t\t<\/a>\n\t\t\t\t<\/span>\n\t\t\t\t\t\t\t<span class=\"elementor-grid-item\" role=\"listitem\">\n\t\t\t\t\t<a class=\"elementor-icon elementor-social-icon elementor-social-icon-icon-twitter-x elementor-repeater-item-787f754\" href=\"https:\/\/twitter.com\/sgtdjiboutiport\" target=\"_blank\">\n\t\t\t\t\t\t<span class=\"elementor-screen-only\">Icon-twitter-x<\/span>\n\t\t\t\t\t\t<i aria-hidden=\"true\" class=\"icon icon-twitter-x\"><\/i>\t\t\t\t\t<\/a>\n\t\t\t\t<\/span>\n\t\t\t\t\t\t\t<span class=\"elementor-grid-item\" role=\"listitem\">\n\t\t\t\t\t<a class=\"elementor-icon elementor-social-icon elementor-social-icon-linkedin elementor-repeater-item-321eaaa\" href=\"https:\/\/www.linkedin.com\/company\/soci%C3%A9t%C3%A9-de-gestion-du-terminal-%C3%A0-conteneur-de-doraleh-sgtd\/posts\/?feedView=all\" target=\"_blank\">\n\t\t\t\t\t\t<span class=\"elementor-screen-only\">Linkedin<\/span>\n\t\t\t\t\t\t<i aria-hidden=\"true\" class=\"fab fa-linkedin\"><\/i>\t\t\t\t\t<\/a>\n\t\t\t\t<\/span>\n\t\t\t\t\t\t\t<span class=\"elementor-grid-item\" role=\"listitem\">\n\t\t\t\t\t<a class=\"elementor-icon elementor-social-icon elementor-social-icon-youtube elementor-repeater-item-616cb6e\" href=\"https:\/\/www.youtube.com\/channel\/UC__edk85yRCpx4ngagYoC-Q\/featured\" target=\"_blank\">\n\t\t\t\t\t\t<span class=\"elementor-screen-only\">Youtube<\/span>\n\t\t\t\t\t\t<i aria-hidden=\"true\" class=\"fab fa-youtube\"><\/i>\t\t\t\t\t<\/a>\n\t\t\t\t<\/span>\n\t\t\t\t\t<\/div>\n\t\t\t\t\t\t<\/div>\n\t\t\t\t<\/div>\n\t\t\t\t\t<\/div>\n\t\t<\/div>\n\t\t\t\t<div class=\"elementor-column elementor-col-50 elementor-top-column elementor-element elementor-element-68cb71a\" data-id=\"68cb71a\" data-element_type=\"column\" data-e-type=\"column\">\n\t\t\t<div class=\"elementor-widget-wrap elementor-element-populated\">\n\t\t\t\t\t\t<div class=\"elementor-element elementor-element-23d0657 elementor-widget elementor-widget-heading\" data-id=\"23d0657\" data-element_type=\"widget\" data-e-type=\"widget\" data-widget_type=\"heading.default\">\n\t\t\t\t<div class=\"elementor-widget-container\">\n\t\t\t\t\t<h2 class=\"elementor-heading-title elementor-size-default\">Envoyez-nous un message<\/h2>\t\t\t\t<\/div>\n\t\t\t\t<\/div>\n\t\t\t\t<div class=\"elementor-element elementor-element-c9e2fb8 elementor-button-align-stretch elementor-widget elementor-widget-form\" data-id=\"c9e2fb8\" data-element_type=\"widget\" data-e-type=\"widget\" data-settings=\"{&quot;step_next_label&quot;:&quot;Next&quot;,&quot;step_previous_label&quot;:&quot;Previous&quot;,&quot;button_width&quot;:&quot;100&quot;,&quot;step_type&quot;:&quot;number_text&quot;,&quot;step_icon_shape&quot;:&quot;circle&quot;}\" data-widget_type=\"form.default\">\n\t\t\t\t<div class=\"elementor-widget-container\">\n\t\t\t\t\t\t\t<form class=\"elementor-form\" method=\"post\" id=\"contact_form\" name=\"Formulaire de contact\" aria-label=\"Formulaire de contact\">\n\t\t\t<input type=\"hidden\" name=\"post_id\" value=\"163\"\/>\n\t\t\t<input type=\"hidden\" name=\"form_id\" value=\"c9e2fb8\"\/>\n\t\t\t<input type=\"hidden\" name=\"referer_title\" value=\"Contactez-nous - SGTD\" \/>\n\n\t\t\t\t\t\t\t<input type=\"hidden\" name=\"queried_id\" value=\"163\"\/>\n\t\t\t\n\t\t\t<div class=\"elementor-form-fields-wrapper elementor-labels-above\">\n\t\t\t\t\t\t\t\t<div class=\"elementor-field-type-text elementor-field-group elementor-column elementor-field-group-firstname elementor-col-50 elementor-field-required\">\n\t\t\t\t\t\t\t\t\t\t\t\t<label for=\"form-field-firstname\" class=\"elementor-field-label\">\n\t\t\t\t\t\t\t\tPr\u00e9nom\t\t\t\t\t\t\t<\/label>\n\t\t\t\t\t\t\t\t\t\t\t\t\t\t<input size=\"1\" type=\"text\" name=\"form_fields[firstname]\" id=\"form-field-firstname\" class=\"elementor-field elementor-size-sm  elementor-field-textual\" required=\"required\">\n\t\t\t\t\t\t\t\t\t\t\t<\/div>\n\t\t\t\t\t\t\t\t<div class=\"elementor-field-type-text elementor-field-group elementor-column elementor-field-group-lastname elementor-col-50 elementor-field-required\">\n\t\t\t\t\t\t\t\t\t\t\t\t<label for=\"form-field-lastname\" class=\"elementor-field-label\">\n\t\t\t\t\t\t\t\tNom\t\t\t\t\t\t\t<\/label>\n\t\t\t\t\t\t\t\t\t\t\t\t\t\t<input size=\"1\" type=\"text\" name=\"form_fields[lastname]\" id=\"form-field-lastname\" class=\"elementor-field elementor-size-sm  elementor-field-textual\" required=\"required\">\n\t\t\t\t\t\t\t\t\t\t\t<\/div>\n\t\t\t\t\t\t\t\t<div class=\"elementor-field-type-email elementor-field-group elementor-column elementor-field-group-email elementor-col-50 elementor-field-required\">\n\t\t\t\t\t\t\t\t\t\t\t\t<label for=\"form-field-email\" class=\"elementor-field-label\">\n\t\t\t\t\t\t\t\tEmail\t\t\t\t\t\t\t<\/label>\n\t\t\t\t\t\t\t\t\t\t\t\t\t\t<input size=\"1\" type=\"email\" name=\"form_fields[email]\" id=\"form-field-email\" class=\"elementor-field elementor-size-sm  elementor-field-textual\" required=\"required\">\n\t\t\t\t\t\t\t\t\t\t\t<\/div>\n\t\t\t\t\t\t\t\t<div class=\"elementor-field-type-text elementor-field-group elementor-column elementor-field-group-phone elementor-col-50\">\n\t\t\t\t\t\t\t\t\t\t\t\t<label for=\"form-field-phone\" class=\"elementor-field-label\">\n\t\t\t\t\t\t\t\tT\u00e9l\u00e9phone\t\t\t\t\t\t\t<\/label>\n\t\t\t\t\t\t\t\t\t\t\t\t\t\t<input size=\"1\" type=\"text\" name=\"form_fields[phone]\" id=\"form-field-phone\" class=\"elementor-field elementor-size-sm  elementor-field-textual\">\n\t\t\t\t\t\t\t\t\t\t\t<\/div>\n\t\t\t\t\t\t\t\t<div class=\"elementor-field-type-text elementor-field-group elementor-column elementor-field-group-company elementor-col-100\">\n\t\t\t\t\t\t\t\t\t\t\t\t<label for=\"form-field-company\" class=\"elementor-field-label\">\n\t\t\t\t\t\t\t\tSoci\u00e9t\u00e9\t\t\t\t\t\t\t<\/label>\n\t\t\t\t\t\t\t\t\t\t\t\t\t\t<input size=\"1\" type=\"text\" name=\"form_fields[company]\" id=\"form-field-company\" class=\"elementor-field elementor-size-sm  elementor-field-textual\">\n\t\t\t\t\t\t\t\t\t\t\t<\/div>\n\t\t\t\t\t\t\t\t<div class=\"elementor-field-type-textarea elementor-field-group elementor-column elementor-field-group-message elementor-col-100 elementor-field-required\">\n\t\t\t\t\t\t\t\t\t\t\t\t<label for=\"form-field-message\" class=\"elementor-field-label\">\n\t\t\t\t\t\t\t\tMessage\t\t\t\t\t\t\t<\/label>\n\t\t\t\t\t\t<textarea class=\"elementor-field-textual elementor-field  elementor-size-sm\" name=\"form_fields[message]\" id=\"form-field-message\" rows=\"4\" required=\"required\"><\/textarea>\t\t\t\t<\/div>\n\t\t\t\t\t\t\t\t<div class=\"elementor-field-type-recaptcha_v3 elementor-field-group elementor-column elementor-field-group-field_fb66ae2 elementor-col-100 recaptcha_v3-bottomright\">\n\t\t\t\t\t<div class=\"elementor-field\" id=\"form-field-field_fb66ae2\"><div class=\"elementor-g-recaptcha\" data-sitekey=\"6LdjiQMaAAAAADQMWbjCg9A4veCxRiyLxeX5fIgr\" data-type=\"v3\" data-action=\"Form\" data-badge=\"bottomright\" data-size=\"invisible\"><\/div><\/div>\t\t\t\t<\/div>\n\t\t\t\t\t\t\t\t<div class=\"elementor-field-group elementor-column elementor-field-type-submit elementor-col-100 e-form__buttons\">\n\t\t\t\t\t<button class=\"elementor-button elementor-size-sm\" type=\"submit\">\n\t\t\t\t\t\t<span class=\"elementor-button-content-wrapper\">\n\t\t\t\t\t\t\t\t\t\t\t\t\t\t\t\t\t\t\t\t\t\t<span class=\"elementor-button-text\">Envoyer<\/span>\n\t\t\t\t\t\t\t\t\t\t\t\t\t<\/span>\n\t\t\t\t\t<\/button>\n\t\t\t\t<\/div>\n\t\t\t<\/div>\n\t\t<\/form>\n\t\t\t\t\t\t<\/div>\n\t\t\t\t<\/div>\n\t\t\t\t\t<\/div>\n\t\t<\/div>\n\t\t\t\t\t<\/div>\n\t\t<\/section>\n\t\t\t\t<section class=\"elementor-section elementor-top-section elementor-element elementor-element-9073ee5 elementor-section-full_width elementor-section-height-default elementor-section-height-default elementor-invisible\" data-id=\"9073ee5\" data-element_type=\"section\" data-e-type=\"section\" data-settings=\"{&quot;background_background&quot;:&quot;classic&quot;,&quot;animation&quot;:&quot;fadeIn&quot;}\">\n\t\t\t\t\t\t<div class=\"elementor-container elementor-column-gap-default\">\n\t\t\t\t\t<div class=\"elementor-column elementor-col-100 elementor-top-column elementor-element elementor-element-3bc5160\" data-id=\"3bc5160\" data-element_type=\"column\" data-e-type=\"column\">\n\t\t\t<div class=\"elementor-widget-wrap elementor-element-populated\">\n\t\t\t\t\t\t<div class=\"elementor-element elementor-element-56782fb elementor-widget elementor-widget-google_maps\" data-id=\"56782fb\" data-element_type=\"widget\" data-e-type=\"widget\" data-widget_type=\"google_maps.default\">\n\t\t\t\t<div class=\"elementor-widget-container\">\n\t\t\t\t\t\t\t<div class=\"elementor-custom-embed\">\n\t\t\t<iframe loading=\"lazy\"\n\t\t\t\t\tsrc=\"https:\/\/maps.google.com\/maps?q=SGTD%20Doraleh&#038;t=m&#038;z=13&#038;output=embed&#038;iwloc=near\"\n\t\t\t\t\ttitle=\"SGTD Doraleh\"\n\t\t\t\t\taria-label=\"SGTD Doraleh\"\n\t\t\t><\/iframe>\n\t\t<\/div>\n\t\t\t\t\t\t<\/div>\n\t\t\t\t<\/div>\n\t\t\t\t\t<\/div>\n\t\t<\/div>\n\t\t\t\t\t<\/div>\n\t\t<\/section>\n\t\t\t\t<\/div>\n\t\t","protected":false},"excerpt":{"rendered":"<p>Contactez-nous Accueil &gt; Contactez-nous Pour en savoir plus sur nous, connectez-vous avec nos \u00e9quipes en remplissant le formulaire de contact Informations de contact Service client : Customerservice.dct@dct.dj T\u00e9l\u00e9phone : + 253 21 317 317 Adresse : Soci\u00e9t\u00e9 de Gestion du Terminal\u00e0 conteneurs de Doraleh (SGTD)PO Box 2081Doraleh, DjiboutiRepublic of Djibouti Suivez-nous : Facebook Icon-twitter-x Linkedin [&hellip;]<\/p>\n","protected":false},"author":1,"featured_media":3618,"parent":0,"menu_order":0,"comment_status":"closed","ping_status":"closed","template":"","meta":{"_uf_show_specific_survey":0,"_uf_disable_surveys":false,"footnotes":""},"class_list":["post-163","page","type-page","status-publish","has-post-thumbnail","hentry"],"yoast_head":"<!-- This site is optimized with the Yoast SEO plugin v26.9 - https:\/\/yoast.com\/product\/yoast-seo-wordpress\/ -->\n<title>Contactez-nous - SGTD<\/title>\n<meta name=\"description\" content=\"Pour en savoir plus sur nous, connectez-vous avec nos \u00e9quipes en remplissant le formulaire de contact\" \/>\n<meta name=\"robots\" content=\"index, follow, max-snippet:-1, max-image-preview:large, max-video-preview:-1\" \/>\n<link rel=\"canonical\" href=\"https:\/\/www.sgtd-terminal.com\/fr\/contact\/\" \/>\n<meta property=\"og:locale\" content=\"fr_FR\" \/>\n<meta property=\"og:type\" content=\"article\" \/>\n<meta property=\"og:title\" content=\"Contactez-nous - SGTD\" \/>\n<meta property=\"og:description\" content=\"Pour en savoir plus sur nous, connectez-vous avec nos \u00e9quipes en remplissant le formulaire de contact\" \/>\n<meta property=\"og:url\" content=\"https:\/\/www.sgtd-terminal.com\/fr\/contact\/\" \/>\n<meta property=\"og:site_name\" content=\"SGTD\" \/>\n<meta property=\"article:modified_time\" content=\"2024-06-08T08:50:28+00:00\" \/>\n<meta property=\"og:image\" content=\"https:\/\/www.sgtd-terminal.com\/wp-content\/uploads\/2021\/06\/DJI_0170_OG.jpg\" \/>\n\t<meta property=\"og:image:width\" content=\"1200\" \/>\n\t<meta property=\"og:image:height\" content=\"630\" \/>\n\t<meta property=\"og:image:type\" content=\"image\/jpeg\" \/>\n<meta name=\"twitter:card\" content=\"summary_large_image\" \/>\n<meta name=\"twitter:label1\" content=\"Dur\u00e9e de lecture estim\u00e9e\" \/>\n\t<meta name=\"twitter:data1\" content=\"1 minute\" \/>\n<script type=\"application\/ld+json\" class=\"yoast-schema-graph\">{\"@context\":\"https:\/\/schema.org\",\"@graph\":[{\"@type\":\"WebPage\",\"@id\":\"https:\/\/www.sgtd-terminal.com\/fr\/contact\/\",\"url\":\"https:\/\/www.sgtd-terminal.com\/fr\/contact\/\",\"name\":\"Contactez-nous - SGTD\",\"isPartOf\":{\"@id\":\"https:\/\/www.sgtd-terminal.com\/fr\/#website\"},\"primaryImageOfPage\":{\"@id\":\"https:\/\/www.sgtd-terminal.com\/fr\/contact\/#primaryimage\"},\"image\":{\"@id\":\"https:\/\/www.sgtd-terminal.com\/fr\/contact\/#primaryimage\"},\"thumbnailUrl\":\"https:\/\/www.sgtd-terminal.com\/wp-content\/uploads\/2021\/06\/DJI_0170_OG.jpg\",\"datePublished\":\"2020-12-21T08:15:05+00:00\",\"dateModified\":\"2024-06-08T08:50:28+00:00\",\"description\":\"Pour en savoir plus sur nous, connectez-vous avec nos \u00e9quipes en remplissant le formulaire de contact\",\"inLanguage\":\"fr-FR\",\"potentialAction\":[{\"@type\":\"ReadAction\",\"target\":[\"https:\/\/www.sgtd-terminal.com\/fr\/contact\/\"]}]},{\"@type\":\"ImageObject\",\"inLanguage\":\"fr-FR\",\"@id\":\"https:\/\/www.sgtd-terminal.com\/fr\/contact\/#primaryimage\",\"url\":\"https:\/\/www.sgtd-terminal.com\/wp-content\/uploads\/2021\/06\/DJI_0170_OG.jpg\",\"contentUrl\":\"https:\/\/www.sgtd-terminal.com\/wp-content\/uploads\/2021\/06\/DJI_0170_OG.jpg\",\"width\":1200,\"height\":630},{\"@type\":\"WebSite\",\"@id\":\"https:\/\/www.sgtd-terminal.com\/fr\/#website\",\"url\":\"https:\/\/www.sgtd-terminal.com\/fr\/\",\"name\":\"SGTD\",\"description\":\"Soci\u00e9t\u00e9 de Gestion du Terminal \u00e0 conteneurs de Doraleh\",\"publisher\":{\"@id\":\"https:\/\/www.sgtd-terminal.com\/fr\/#organization\"},\"potentialAction\":[{\"@type\":\"SearchAction\",\"target\":{\"@type\":\"EntryPoint\",\"urlTemplate\":\"https:\/\/www.sgtd-terminal.com\/fr\/?s={search_term_string}\"},\"query-input\":{\"@type\":\"PropertyValueSpecification\",\"valueRequired\":true,\"valueName\":\"search_term_string\"}}],\"inLanguage\":\"fr-FR\"},{\"@type\":\"Organization\",\"@id\":\"https:\/\/www.sgtd-terminal.com\/fr\/#organization\",\"name\":\"SGTD\",\"url\":\"https:\/\/www.sgtd-terminal.com\/fr\/\",\"logo\":{\"@type\":\"ImageObject\",\"inLanguage\":\"fr-FR\",\"@id\":\"https:\/\/www.sgtd-terminal.com\/fr\/#\/schema\/logo\/image\/\",\"url\":\"https:\/\/www.sgtd-terminal.com\/wp-content\/uploads\/2020\/12\/SGTD-logo-black.png\",\"contentUrl\":\"https:\/\/www.sgtd-terminal.com\/wp-content\/uploads\/2020\/12\/SGTD-logo-black.png\",\"width\":400,\"height\":180,\"caption\":\"SGTD\"},\"image\":{\"@id\":\"https:\/\/www.sgtd-terminal.com\/fr\/#\/schema\/logo\/image\/\"}}]}<\/script>\n<!-- \/ Yoast SEO plugin. -->","yoast_head_json":{"title":"Contactez-nous - SGTD","description":"Pour en savoir plus sur nous, connectez-vous avec nos \u00e9quipes en remplissant le formulaire de contact","robots":{"index":"index","follow":"follow","max-snippet":"max-snippet:-1","max-image-preview":"max-image-preview:large","max-video-preview":"max-video-preview:-1"},"canonical":"https:\/\/www.sgtd-terminal.com\/fr\/contact\/","og_locale":"fr_FR","og_type":"article","og_title":"Contactez-nous - SGTD","og_description":"Pour en savoir plus sur nous, connectez-vous avec nos \u00e9quipes en remplissant le formulaire de contact","og_url":"https:\/\/www.sgtd-terminal.com\/fr\/contact\/","og_site_name":"SGTD","article_modified_time":"2024-06-08T08:50:28+00:00","og_image":[{"width":1200,"height":630,"url":"https:\/\/www.sgtd-terminal.com\/wp-content\/uploads\/2021\/06\/DJI_0170_OG.jpg","type":"image\/jpeg"}],"twitter_card":"summary_large_image","twitter_misc":{"Dur\u00e9e de lecture estim\u00e9e":"1 minute"},"schema":{"@context":"https:\/\/schema.org","@graph":[{"@type":"WebPage","@id":"https:\/\/www.sgtd-terminal.com\/fr\/contact\/","url":"https:\/\/www.sgtd-terminal.com\/fr\/contact\/","name":"Contactez-nous - SGTD","isPartOf":{"@id":"https:\/\/www.sgtd-terminal.com\/fr\/#website"},"primaryImageOfPage":{"@id":"https:\/\/www.sgtd-terminal.com\/fr\/contact\/#primaryimage"},"image":{"@id":"https:\/\/www.sgtd-terminal.com\/fr\/contact\/#primaryimage"},"thumbnailUrl":"https:\/\/www.sgtd-terminal.com\/wp-content\/uploads\/2021\/06\/DJI_0170_OG.jpg","datePublished":"2020-12-21T08:15:05+00:00","dateModified":"2024-06-08T08:50:28+00:00","description":"Pour en savoir plus sur nous, connectez-vous avec nos \u00e9quipes en remplissant le formulaire de contact","inLanguage":"fr-FR","potentialAction":[{"@type":"ReadAction","target":["https:\/\/www.sgtd-terminal.com\/fr\/contact\/"]}]},{"@type":"ImageObject","inLanguage":"fr-FR","@id":"https:\/\/www.sgtd-terminal.com\/fr\/contact\/#primaryimage","url":"https:\/\/www.sgtd-terminal.com\/wp-content\/uploads\/2021\/06\/DJI_0170_OG.jpg","contentUrl":"https:\/\/www.sgtd-terminal.com\/wp-content\/uploads\/2021\/06\/DJI_0170_OG.jpg","width":1200,"height":630},{"@type":"WebSite","@id":"https:\/\/www.sgtd-terminal.com\/fr\/#website","url":"https:\/\/www.sgtd-terminal.com\/fr\/","name":"SGTD","description":"Soci\u00e9t\u00e9 de Gestion du Terminal \u00e0 conteneurs de Doraleh","publisher":{"@id":"https:\/\/www.sgtd-terminal.com\/fr\/#organization"},"potentialAction":[{"@type":"SearchAction","target":{"@type":"EntryPoint","urlTemplate":"https:\/\/www.sgtd-terminal.com\/fr\/?s={search_term_string}"},"query-input":{"@type":"PropertyValueSpecification","valueRequired":true,"valueName":"search_term_string"}}],"inLanguage":"fr-FR"},{"@type":"Organization","@id":"https:\/\/www.sgtd-terminal.com\/fr\/#organization","name":"SGTD","url":"https:\/\/www.sgtd-terminal.com\/fr\/","logo":{"@type":"ImageObject","inLanguage":"fr-FR","@id":"https:\/\/www.sgtd-terminal.com\/fr\/#\/schema\/logo\/image\/","url":"https:\/\/www.sgtd-terminal.com\/wp-content\/uploads\/2020\/12\/SGTD-logo-black.png","contentUrl":"https:\/\/www.sgtd-terminal.com\/wp-content\/uploads\/2020\/12\/SGTD-logo-black.png","width":400,"height":180,"caption":"SGTD"},"image":{"@id":"https:\/\/www.sgtd-terminal.com\/fr\/#\/schema\/logo\/image\/"}}]}},"_links":{"self":[{"href":"https:\/\/www.sgtd-terminal.com\/fr\/wp-json\/wp\/v2\/pages\/163","targetHints":{"allow":["GET"]}}],"collection":[{"href":"https:\/\/www.sgtd-terminal.com\/fr\/wp-json\/wp\/v2\/pages"}],"about":[{"href":"https:\/\/www.sgtd-terminal.com\/fr\/wp-json\/wp\/v2\/types\/page"}],"author":[{"embeddable":true,"href":"https:\/\/www.sgtd-terminal.com\/fr\/wp-json\/wp\/v2\/users\/1"}],"replies":[{"embeddable":true,"href":"https:\/\/www.sgtd-terminal.com\/fr\/wp-json\/wp\/v2\/comments?post=163"}],"version-history":[{"count":42,"href":"https:\/\/www.sgtd-terminal.com\/fr\/wp-json\/wp\/v2\/pages\/163\/revisions"}],"predecessor-version":[{"id":8923,"href":"https:\/\/www.sgtd-terminal.com\/fr\/wp-json\/wp\/v2\/pages\/163\/revisions\/8923"}],"wp:featuredmedia":[{"embeddable":true,"href":"https:\/\/www.sgtd-terminal.com\/fr\/wp-json\/wp\/v2\/media\/3618"}],"wp:attachment":[{"href":"https:\/\/www.sgtd-terminal.com\/fr\/wp-json\/wp\/v2\/media?parent=163"}],"curies":[{"name":"wp","href":"https:\/\/api.w.org\/{rel}","templated":true}]}}