{"id":145,"date":"2020-12-21T11:11:44","date_gmt":"2020-12-21T08:11:44","guid":{"rendered":"https:\/\/www.sgtd-terminal.com\/?page_id=145"},"modified":"2021-06-19T12:53:31","modified_gmt":"2021-06-19T09:53:31","slug":"services","status":"publish","type":"page","link":"https:\/\/www.sgtd-terminal.com\/fr\/services\/","title":{"rendered":"Services"},"content":{"rendered":"\t\t<div data-elementor-type=\"wp-page\" data-elementor-id=\"145\" class=\"elementor elementor-145 elementor-143\" data-elementor-post-type=\"page\">\n\t\t\t\t\t\t<section class=\"elementor-section elementor-top-section elementor-element elementor-element-38fd2c7 elementor-section-boxed elementor-section-height-default elementor-section-height-default\" data-id=\"38fd2c7\" data-element_type=\"section\" data-e-type=\"section\" data-settings=\"{&quot;background_background&quot;:&quot;classic&quot;}\">\n\t\t\t\t\t\t\t<div class=\"elementor-background-overlay\"><\/div>\n\t\t\t\t\t\t\t<div class=\"elementor-container elementor-column-gap-default\">\n\t\t\t\t\t<div class=\"elementor-column elementor-col-100 elementor-top-column elementor-element elementor-element-25bf440\" data-id=\"25bf440\" data-element_type=\"column\" data-e-type=\"column\" data-settings=\"{&quot;background_background&quot;:&quot;classic&quot;}\">\n\t\t\t<div class=\"elementor-widget-wrap elementor-element-populated\">\n\t\t\t\t\t\t<div class=\"elementor-element elementor-element-e880315 elementor-widget elementor-widget-heading\" data-id=\"e880315\" data-element_type=\"widget\" data-e-type=\"widget\" data-widget_type=\"heading.default\">\n\t\t\t\t<div class=\"elementor-widget-container\">\n\t\t\t\t\t<h1 class=\"elementor-heading-title elementor-size-default\">Nos services<\/h1>\t\t\t\t<\/div>\n\t\t\t\t<\/div>\n\t\t\t\t<div class=\"elementor-element elementor-element-9feff73 elementor-widget elementor-widget-heading\" data-id=\"9feff73\" data-element_type=\"widget\" data-e-type=\"widget\" data-widget_type=\"heading.default\">\n\t\t\t\t<div class=\"elementor-widget-container\">\n\t\t\t\t\t<span class=\"elementor-heading-title elementor-size-default\">Accueil &gt; Services &gt; Nos services<\/span>\t\t\t\t<\/div>\n\t\t\t\t<\/div>\n\t\t\t\t\t<\/div>\n\t\t<\/div>\n\t\t\t\t\t<\/div>\n\t\t<\/section>\n\t\t\t\t<section class=\"elementor-section elementor-top-section elementor-element elementor-element-0b93411 elementor-section-boxed elementor-section-height-default elementor-section-height-default\" data-id=\"0b93411\" data-element_type=\"section\" data-e-type=\"section\" data-settings=\"{&quot;background_background&quot;:&quot;classic&quot;}\">\n\t\t\t\t\t\t\t<div class=\"elementor-background-overlay\"><\/div>\n\t\t\t\t\t\t\t<div class=\"elementor-container elementor-column-gap-default\">\n\t\t\t\t\t<div class=\"elementor-column elementor-col-100 elementor-top-column elementor-element elementor-element-233525b\" data-id=\"233525b\" data-element_type=\"column\" data-e-type=\"column\">\n\t\t\t<div class=\"elementor-widget-wrap elementor-element-populated\">\n\t\t\t\t\t\t<div class=\"elementor-element elementor-element-85c54a7 elementor-invisible elementor-widget elementor-widget-heading\" data-id=\"85c54a7\" data-element_type=\"widget\" data-e-type=\"widget\" data-settings=\"{&quot;_animation&quot;:&quot;fadeInUp&quot;}\" data-widget_type=\"heading.default\">\n\t\t\t\t<div class=\"elementor-widget-container\">\n\t\t\t\t\t<h2 class=\"elementor-heading-title elementor-size-default\">Nos services<\/h2>\t\t\t\t<\/div>\n\t\t\t\t<\/div>\n\t\t\t\t<div class=\"elementor-element elementor-element-7e16a55 elementor-invisible elementor-widget elementor-widget-text-editor\" data-id=\"7e16a55\" data-element_type=\"widget\" data-e-type=\"widget\" data-settings=\"{&quot;_animation&quot;:&quot;fadeInUp&quot;}\" data-widget_type=\"text-editor.default\">\n\t\t\t\t<div class=\"elementor-widget-container\">\n\t\t\t\t\t\t\t\t\t<p>Nous nous engageons \u00e0 servir tous nos clients avec excellence en offrant une large gamme de services<\/p>\n\t\t\t\t\t\t\t\t<\/div>\n\t\t\t\t<\/div>\n\t\t\t\t<section class=\"elementor-section elementor-inner-section elementor-element elementor-element-e2c1e30 elementor-section-boxed elementor-section-height-default elementor-section-height-default elementor-invisible\" data-id=\"e2c1e30\" data-element_type=\"section\" data-e-type=\"section\" data-settings=\"{&quot;animation&quot;:&quot;fadeInUp&quot;}\">\n\t\t\t\t\t\t<div class=\"elementor-container elementor-column-gap-default\">\n\t\t\t\t\t<div class=\"elementor-column elementor-col-25 elementor-inner-column elementor-element elementor-element-daf3a1b\" data-id=\"daf3a1b\" data-element_type=\"column\" data-e-type=\"column\" data-settings=\"{&quot;background_background&quot;:&quot;classic&quot;}\">\n\t\t\t<div class=\"elementor-widget-wrap elementor-element-populated\">\n\t\t\t\t\t\t<div class=\"elementor-element elementor-element-5569a5a elementor-position-top elementor-widget elementor-widget-image-box\" data-id=\"5569a5a\" data-element_type=\"widget\" data-e-type=\"widget\" data-widget_type=\"image-box.default\">\n\t\t\t\t<div class=\"elementor-widget-container\">\n\t\t\t\t\t<div class=\"elementor-image-box-wrapper\"><figure class=\"elementor-image-box-img\"><img decoding=\"async\" width=\"100\" height=\"100\" src=\"https:\/\/www.sgtd-terminal.com\/wp-content\/uploads\/2021\/02\/discharge-and-loading-of-containers-from-vessels-icon-1.png\" class=\"attachment-thumbnail size-thumbnail wp-image-1516\" alt=\"\" \/><\/figure><div class=\"elementor-image-box-content\"><p class=\"elementor-image-box-description\">D\u00e9chargement et chargement des conteneurs \u00e0 partir des navires<\/p><\/div><\/div>\t\t\t\t<\/div>\n\t\t\t\t<\/div>\n\t\t\t\t\t<\/div>\n\t\t<\/div>\n\t\t\t\t<div class=\"elementor-column elementor-col-25 elementor-inner-column elementor-element elementor-element-98d3580\" data-id=\"98d3580\" data-element_type=\"column\" data-e-type=\"column\" data-settings=\"{&quot;background_background&quot;:&quot;classic&quot;}\">\n\t\t\t<div class=\"elementor-widget-wrap elementor-element-populated\">\n\t\t\t\t\t\t<div class=\"elementor-element elementor-element-0b54557 elementor-position-top elementor-widget elementor-widget-image-box\" data-id=\"0b54557\" data-element_type=\"widget\" data-e-type=\"widget\" data-widget_type=\"image-box.default\">\n\t\t\t\t<div class=\"elementor-widget-container\">\n\t\t\t\t\t<div class=\"elementor-image-box-wrapper\"><figure class=\"elementor-image-box-img\"><img decoding=\"async\" width=\"100\" height=\"100\" src=\"https:\/\/www.sgtd-terminal.com\/wp-content\/uploads\/2021\/02\/transshipment-icon.png\" class=\"attachment-thumbnail size-thumbnail wp-image-1526\" alt=\"\" \/><\/figure><div class=\"elementor-image-box-content\"><p class=\"elementor-image-box-description\">Transbordement<\/p><\/div><\/div>\t\t\t\t<\/div>\n\t\t\t\t<\/div>\n\t\t\t\t\t<\/div>\n\t\t<\/div>\n\t\t\t\t<div class=\"elementor-column elementor-col-25 elementor-inner-column elementor-element elementor-element-a4f90b9\" data-id=\"a4f90b9\" data-element_type=\"column\" data-e-type=\"column\" data-settings=\"{&quot;background_background&quot;:&quot;classic&quot;}\">\n\t\t\t<div class=\"elementor-widget-wrap elementor-element-populated\">\n\t\t\t\t\t\t<div class=\"elementor-element elementor-element-e047b45 elementor-position-top elementor-widget elementor-widget-image-box\" data-id=\"e047b45\" data-element_type=\"widget\" data-e-type=\"widget\" data-widget_type=\"image-box.default\">\n\t\t\t\t<div class=\"elementor-widget-container\">\n\t\t\t\t\t<div class=\"elementor-image-box-wrapper\"><figure class=\"elementor-image-box-img\"><img decoding=\"async\" width=\"100\" height=\"100\" src=\"https:\/\/www.sgtd-terminal.com\/wp-content\/uploads\/2021\/02\/delivery-of-import-cargo-to-the-consignee-icon.png\" class=\"attachment-thumbnail size-thumbnail wp-image-1512\" alt=\"\" \/><\/figure><div class=\"elementor-image-box-content\"><p class=\"elementor-image-box-description\">Livraison des marchandises d'import au consignataire<\/p><\/div><\/div>\t\t\t\t<\/div>\n\t\t\t\t<\/div>\n\t\t\t\t\t<\/div>\n\t\t<\/div>\n\t\t\t\t<div class=\"elementor-column elementor-col-25 elementor-inner-column elementor-element elementor-element-073a32c\" data-id=\"073a32c\" data-element_type=\"column\" data-e-type=\"column\" data-settings=\"{&quot;background_background&quot;:&quot;classic&quot;}\">\n\t\t\t<div class=\"elementor-widget-wrap elementor-element-populated\">\n\t\t\t\t\t\t<div class=\"elementor-element elementor-element-9076344 elementor-position-top elementor-widget elementor-widget-image-box\" data-id=\"9076344\" data-element_type=\"widget\" data-e-type=\"widget\" data-widget_type=\"image-box.default\">\n\t\t\t\t<div class=\"elementor-widget-container\">\n\t\t\t\t\t<div class=\"elementor-image-box-wrapper\"><figure class=\"elementor-image-box-img\"><img loading=\"lazy\" decoding=\"async\" width=\"100\" height=\"100\" src=\"https:\/\/www.sgtd-terminal.com\/wp-content\/uploads\/2021\/02\/receiving-full-export-from-the-shippers-icon-2.png\" class=\"attachment-full size-full wp-image-1540\" alt=\"\" \/><\/figure><div class=\"elementor-image-box-content\"><p class=\"elementor-image-box-description\">R\u00e9ception des conteneurs export pleins par l'exp\u00e9diteur<\/p><\/div><\/div>\t\t\t\t<\/div>\n\t\t\t\t<\/div>\n\t\t\t\t\t<\/div>\n\t\t<\/div>\n\t\t\t\t\t<\/div>\n\t\t<\/section>\n\t\t\t\t<section class=\"elementor-section elementor-inner-section elementor-element elementor-element-fb8bc65 elementor-section-boxed elementor-section-height-default elementor-section-height-default elementor-invisible\" data-id=\"fb8bc65\" data-element_type=\"section\" data-e-type=\"section\" data-settings=\"{&quot;animation&quot;:&quot;fadeInUp&quot;}\">\n\t\t\t\t\t\t<div class=\"elementor-container elementor-column-gap-default\">\n\t\t\t\t\t<div class=\"elementor-column elementor-col-20 elementor-inner-column elementor-element elementor-element-652a8ca elementor-hidden-tablet elementor-hidden-phone\" data-id=\"652a8ca\" data-element_type=\"column\" data-e-type=\"column\">\n\t\t\t<div class=\"elementor-widget-wrap\">\n\t\t\t\t\t\t\t<\/div>\n\t\t<\/div>\n\t\t\t\t<div class=\"elementor-column elementor-col-20 elementor-inner-column elementor-element elementor-element-96a6210\" data-id=\"96a6210\" data-element_type=\"column\" data-e-type=\"column\" data-settings=\"{&quot;background_background&quot;:&quot;classic&quot;}\">\n\t\t\t<div class=\"elementor-widget-wrap elementor-element-populated\">\n\t\t\t\t\t\t<div class=\"elementor-element elementor-element-3f78718 elementor-position-top elementor-widget elementor-widget-image-box\" data-id=\"3f78718\" data-element_type=\"widget\" data-e-type=\"widget\" data-widget_type=\"image-box.default\">\n\t\t\t\t<div class=\"elementor-widget-container\">\n\t\t\t\t\t<div class=\"elementor-image-box-wrapper\"><figure class=\"elementor-image-box-img\"><img loading=\"lazy\" decoding=\"async\" width=\"100\" height=\"100\" src=\"https:\/\/www.sgtd-terminal.com\/wp-content\/uploads\/2021\/02\/receiving-empties-from-consignee-icon.png\" class=\"attachment-thumbnail size-thumbnail wp-image-1522\" alt=\"\" \/><\/figure><div class=\"elementor-image-box-content\"><p class=\"elementor-image-box-description\">R\u00e9ception des conteneurs vides du consignataire<\/p><\/div><\/div>\t\t\t\t<\/div>\n\t\t\t\t<\/div>\n\t\t\t\t\t<\/div>\n\t\t<\/div>\n\t\t\t\t<div class=\"elementor-column elementor-col-20 elementor-inner-column elementor-element elementor-element-1477adf\" data-id=\"1477adf\" data-element_type=\"column\" data-e-type=\"column\" data-settings=\"{&quot;background_background&quot;:&quot;classic&quot;}\">\n\t\t\t<div class=\"elementor-widget-wrap elementor-element-populated\">\n\t\t\t\t\t\t<div class=\"elementor-element elementor-element-adea63f elementor-position-top elementor-widget elementor-widget-image-box\" data-id=\"adea63f\" data-element_type=\"widget\" data-e-type=\"widget\" data-widget_type=\"image-box.default\">\n\t\t\t\t<div class=\"elementor-widget-container\">\n\t\t\t\t\t<div class=\"elementor-image-box-wrapper\"><figure class=\"elementor-image-box-img\"><img loading=\"lazy\" decoding=\"async\" width=\"100\" height=\"100\" src=\"https:\/\/www.sgtd-terminal.com\/wp-content\/uploads\/2021\/02\/loading-empty-containers-from-the-train-icon.png\" class=\"attachment-thumbnail size-thumbnail wp-image-1518\" alt=\"\" \/><\/figure><div class=\"elementor-image-box-content\"><p class=\"elementor-image-box-description\">Chargement et d\u00e9chargement des conteneurs imports pleins\/exports pleins et vides \u00e0 partir du train<\/p><\/div><\/div>\t\t\t\t<\/div>\n\t\t\t\t<\/div>\n\t\t\t\t\t<\/div>\n\t\t<\/div>\n\t\t\t\t<div class=\"elementor-column elementor-col-20 elementor-inner-column elementor-element elementor-element-3d94e2e\" data-id=\"3d94e2e\" data-element_type=\"column\" data-e-type=\"column\" data-settings=\"{&quot;background_background&quot;:&quot;classic&quot;}\">\n\t\t\t<div class=\"elementor-widget-wrap elementor-element-populated\">\n\t\t\t\t\t\t<div class=\"elementor-element elementor-element-ac67313 elementor-position-top elementor-widget elementor-widget-image-box\" data-id=\"ac67313\" data-element_type=\"widget\" data-e-type=\"widget\" data-widget_type=\"image-box.default\">\n\t\t\t\t<div class=\"elementor-widget-container\">\n\t\t\t\t\t<div class=\"elementor-image-box-wrapper\"><figure class=\"elementor-image-box-img\"><img loading=\"lazy\" decoding=\"async\" width=\"100\" height=\"100\" src=\"https:\/\/www.sgtd-terminal.com\/wp-content\/uploads\/2021\/02\/discharge-and-loading-icon.png\" class=\"attachment-thumbnail size-thumbnail wp-image-1514\" alt=\"\" \/><\/figure><div class=\"elementor-image-box-content\"><p class=\"elementor-image-box-description\">D\u00e9chargement et chargement des conteneurs hors gabarits OOG, Break-bulk, Dangerous Cargo et frigorifiques (avec une capacit\u00e9 de 483 prises)<\/p><\/div><\/div>\t\t\t\t<\/div>\n\t\t\t\t<\/div>\n\t\t\t\t\t<\/div>\n\t\t<\/div>\n\t\t\t\t<div class=\"elementor-column elementor-col-20 elementor-inner-column elementor-element elementor-element-28ef674 elementor-hidden-tablet elementor-hidden-phone\" data-id=\"28ef674\" data-element_type=\"column\" data-e-type=\"column\">\n\t\t\t<div class=\"elementor-widget-wrap\">\n\t\t\t\t\t\t\t<\/div>\n\t\t<\/div>\n\t\t\t\t\t<\/div>\n\t\t<\/section>\n\t\t\t\t\t<\/div>\n\t\t<\/div>\n\t\t\t\t\t<\/div>\n\t\t<\/section>\n\t\t\t\t<\/div>\n\t\t","protected":false},"excerpt":{"rendered":"<p>Nos services Accueil &gt; Services &gt; Nos services Nos services Nous nous engageons \u00e0 servir tous nos clients avec excellence en offrant une large gamme de services D\u00e9chargement et chargement des conteneurs \u00e0 partir des navires Transbordement Livraison des marchandises d&rsquo;import au consignataire R\u00e9ception des conteneurs export pleins par l&rsquo;exp\u00e9diteur R\u00e9ception des conteneurs vides du [&hellip;]<\/p>\n","protected":false},"author":1,"featured_media":3616,"parent":0,"menu_order":0,"comment_status":"closed","ping_status":"closed","template":"","meta":{"_uf_show_specific_survey":0,"_uf_disable_surveys":false,"footnotes":""},"class_list":["post-145","page","type-page","status-publish","has-post-thumbnail","hentry"],"yoast_head":"<!-- This site is optimized with the Yoast SEO plugin v26.9 - https:\/\/yoast.com\/product\/yoast-seo-wordpress\/ -->\n<title>Services - SGTD<\/title>\n<meta name=\"description\" content=\"Nous nous engageons \u00e0 servir tous nos clients avec excellence en offrant une large gamme de services\" \/>\n<meta name=\"robots\" content=\"index, follow, max-snippet:-1, max-image-preview:large, max-video-preview:-1\" \/>\n<link rel=\"canonical\" href=\"https:\/\/www.sgtd-terminal.com\/fr\/services\/\" \/>\n<meta property=\"og:locale\" content=\"fr_FR\" \/>\n<meta property=\"og:type\" content=\"article\" \/>\n<meta property=\"og:title\" content=\"Services - SGTD\" \/>\n<meta property=\"og:description\" content=\"Nous nous engageons \u00e0 servir tous nos clients avec excellence en offrant une large gamme de services\" \/>\n<meta property=\"og:url\" content=\"https:\/\/www.sgtd-terminal.com\/fr\/services\/\" \/>\n<meta property=\"og:site_name\" content=\"SGTD\" \/>\n<meta property=\"article:modified_time\" content=\"2021-06-19T09:53:31+00:00\" \/>\n<meta property=\"og:image\" content=\"https:\/\/www.sgtd-terminal.com\/wp-content\/uploads\/2021\/06\/DJI_0167_OG.jpg\" \/>\n\t<meta property=\"og:image:width\" content=\"1200\" \/>\n\t<meta property=\"og:image:height\" content=\"630\" \/>\n\t<meta property=\"og:image:type\" content=\"image\/jpeg\" \/>\n<meta name=\"twitter:card\" content=\"summary_large_image\" \/>\n<meta name=\"twitter:label1\" content=\"Dur\u00e9e de lecture estim\u00e9e\" \/>\n\t<meta name=\"twitter:data1\" content=\"2 minutes\" \/>\n<script type=\"application\/ld+json\" class=\"yoast-schema-graph\">{\"@context\":\"https:\/\/schema.org\",\"@graph\":[{\"@type\":\"WebPage\",\"@id\":\"https:\/\/www.sgtd-terminal.com\/fr\/services\/\",\"url\":\"https:\/\/www.sgtd-terminal.com\/fr\/services\/\",\"name\":\"Services - SGTD\",\"isPartOf\":{\"@id\":\"https:\/\/www.sgtd-terminal.com\/fr\/#website\"},\"primaryImageOfPage\":{\"@id\":\"https:\/\/www.sgtd-terminal.com\/fr\/services\/#primaryimage\"},\"image\":{\"@id\":\"https:\/\/www.sgtd-terminal.com\/fr\/services\/#primaryimage\"},\"thumbnailUrl\":\"https:\/\/www.sgtd-terminal.com\/wp-content\/uploads\/2021\/06\/DJI_0167_OG.jpg\",\"datePublished\":\"2020-12-21T08:11:44+00:00\",\"dateModified\":\"2021-06-19T09:53:31+00:00\",\"description\":\"Nous nous engageons \u00e0 servir tous nos clients avec excellence en offrant une large gamme de services\",\"inLanguage\":\"fr-FR\",\"potentialAction\":[{\"@type\":\"ReadAction\",\"target\":[\"https:\/\/www.sgtd-terminal.com\/fr\/services\/\"]}]},{\"@type\":\"ImageObject\",\"inLanguage\":\"fr-FR\",\"@id\":\"https:\/\/www.sgtd-terminal.com\/fr\/services\/#primaryimage\",\"url\":\"https:\/\/www.sgtd-terminal.com\/wp-content\/uploads\/2021\/06\/DJI_0167_OG.jpg\",\"contentUrl\":\"https:\/\/www.sgtd-terminal.com\/wp-content\/uploads\/2021\/06\/DJI_0167_OG.jpg\",\"width\":1200,\"height\":630},{\"@type\":\"WebSite\",\"@id\":\"https:\/\/www.sgtd-terminal.com\/fr\/#website\",\"url\":\"https:\/\/www.sgtd-terminal.com\/fr\/\",\"name\":\"SGTD\",\"description\":\"Soci\u00e9t\u00e9 de Gestion du Terminal \u00e0 conteneurs de Doraleh\",\"publisher\":{\"@id\":\"https:\/\/www.sgtd-terminal.com\/fr\/#organization\"},\"potentialAction\":[{\"@type\":\"SearchAction\",\"target\":{\"@type\":\"EntryPoint\",\"urlTemplate\":\"https:\/\/www.sgtd-terminal.com\/fr\/?s={search_term_string}\"},\"query-input\":{\"@type\":\"PropertyValueSpecification\",\"valueRequired\":true,\"valueName\":\"search_term_string\"}}],\"inLanguage\":\"fr-FR\"},{\"@type\":\"Organization\",\"@id\":\"https:\/\/www.sgtd-terminal.com\/fr\/#organization\",\"name\":\"SGTD\",\"url\":\"https:\/\/www.sgtd-terminal.com\/fr\/\",\"logo\":{\"@type\":\"ImageObject\",\"inLanguage\":\"fr-FR\",\"@id\":\"https:\/\/www.sgtd-terminal.com\/fr\/#\/schema\/logo\/image\/\",\"url\":\"https:\/\/www.sgtd-terminal.com\/wp-content\/uploads\/2020\/12\/SGTD-logo-black.png\",\"contentUrl\":\"https:\/\/www.sgtd-terminal.com\/wp-content\/uploads\/2020\/12\/SGTD-logo-black.png\",\"width\":400,\"height\":180,\"caption\":\"SGTD\"},\"image\":{\"@id\":\"https:\/\/www.sgtd-terminal.com\/fr\/#\/schema\/logo\/image\/\"}}]}<\/script>\n<!-- \/ Yoast SEO plugin. -->","yoast_head_json":{"title":"Services - SGTD","description":"Nous nous engageons \u00e0 servir tous nos clients avec excellence en offrant une large gamme de services","robots":{"index":"index","follow":"follow","max-snippet":"max-snippet:-1","max-image-preview":"max-image-preview:large","max-video-preview":"max-video-preview:-1"},"canonical":"https:\/\/www.sgtd-terminal.com\/fr\/services\/","og_locale":"fr_FR","og_type":"article","og_title":"Services - SGTD","og_description":"Nous nous engageons \u00e0 servir tous nos clients avec excellence en offrant une large gamme de services","og_url":"https:\/\/www.sgtd-terminal.com\/fr\/services\/","og_site_name":"SGTD","article_modified_time":"2021-06-19T09:53:31+00:00","og_image":[{"width":1200,"height":630,"url":"https:\/\/www.sgtd-terminal.com\/wp-content\/uploads\/2021\/06\/DJI_0167_OG.jpg","type":"image\/jpeg"}],"twitter_card":"summary_large_image","twitter_misc":{"Dur\u00e9e de lecture estim\u00e9e":"2 minutes"},"schema":{"@context":"https:\/\/schema.org","@graph":[{"@type":"WebPage","@id":"https:\/\/www.sgtd-terminal.com\/fr\/services\/","url":"https:\/\/www.sgtd-terminal.com\/fr\/services\/","name":"Services - SGTD","isPartOf":{"@id":"https:\/\/www.sgtd-terminal.com\/fr\/#website"},"primaryImageOfPage":{"@id":"https:\/\/www.sgtd-terminal.com\/fr\/services\/#primaryimage"},"image":{"@id":"https:\/\/www.sgtd-terminal.com\/fr\/services\/#primaryimage"},"thumbnailUrl":"https:\/\/www.sgtd-terminal.com\/wp-content\/uploads\/2021\/06\/DJI_0167_OG.jpg","datePublished":"2020-12-21T08:11:44+00:00","dateModified":"2021-06-19T09:53:31+00:00","description":"Nous nous engageons \u00e0 servir tous nos clients avec excellence en offrant une large gamme de services","inLanguage":"fr-FR","potentialAction":[{"@type":"ReadAction","target":["https:\/\/www.sgtd-terminal.com\/fr\/services\/"]}]},{"@type":"ImageObject","inLanguage":"fr-FR","@id":"https:\/\/www.sgtd-terminal.com\/fr\/services\/#primaryimage","url":"https:\/\/www.sgtd-terminal.com\/wp-content\/uploads\/2021\/06\/DJI_0167_OG.jpg","contentUrl":"https:\/\/www.sgtd-terminal.com\/wp-content\/uploads\/2021\/06\/DJI_0167_OG.jpg","width":1200,"height":630},{"@type":"WebSite","@id":"https:\/\/www.sgtd-terminal.com\/fr\/#website","url":"https:\/\/www.sgtd-terminal.com\/fr\/","name":"SGTD","description":"Soci\u00e9t\u00e9 de Gestion du Terminal \u00e0 conteneurs de Doraleh","publisher":{"@id":"https:\/\/www.sgtd-terminal.com\/fr\/#organization"},"potentialAction":[{"@type":"SearchAction","target":{"@type":"EntryPoint","urlTemplate":"https:\/\/www.sgtd-terminal.com\/fr\/?s={search_term_string}"},"query-input":{"@type":"PropertyValueSpecification","valueRequired":true,"valueName":"search_term_string"}}],"inLanguage":"fr-FR"},{"@type":"Organization","@id":"https:\/\/www.sgtd-terminal.com\/fr\/#organization","name":"SGTD","url":"https:\/\/www.sgtd-terminal.com\/fr\/","logo":{"@type":"ImageObject","inLanguage":"fr-FR","@id":"https:\/\/www.sgtd-terminal.com\/fr\/#\/schema\/logo\/image\/","url":"https:\/\/www.sgtd-terminal.com\/wp-content\/uploads\/2020\/12\/SGTD-logo-black.png","contentUrl":"https:\/\/www.sgtd-terminal.com\/wp-content\/uploads\/2020\/12\/SGTD-logo-black.png","width":400,"height":180,"caption":"SGTD"},"image":{"@id":"https:\/\/www.sgtd-terminal.com\/fr\/#\/schema\/logo\/image\/"}}]}},"_links":{"self":[{"href":"https:\/\/www.sgtd-terminal.com\/fr\/wp-json\/wp\/v2\/pages\/145","targetHints":{"allow":["GET"]}}],"collection":[{"href":"https:\/\/www.sgtd-terminal.com\/fr\/wp-json\/wp\/v2\/pages"}],"about":[{"href":"https:\/\/www.sgtd-terminal.com\/fr\/wp-json\/wp\/v2\/types\/page"}],"author":[{"embeddable":true,"href":"https:\/\/www.sgtd-terminal.com\/fr\/wp-json\/wp\/v2\/users\/1"}],"replies":[{"embeddable":true,"href":"https:\/\/www.sgtd-terminal.com\/fr\/wp-json\/wp\/v2\/comments?post=145"}],"version-history":[{"count":8,"href":"https:\/\/www.sgtd-terminal.com\/fr\/wp-json\/wp\/v2\/pages\/145\/revisions"}],"predecessor-version":[{"id":3637,"href":"https:\/\/www.sgtd-terminal.com\/fr\/wp-json\/wp\/v2\/pages\/145\/revisions\/3637"}],"wp:featuredmedia":[{"embeddable":true,"href":"https:\/\/www.sgtd-terminal.com\/fr\/wp-json\/wp\/v2\/media\/3616"}],"wp:attachment":[{"href":"https:\/\/www.sgtd-terminal.com\/fr\/wp-json\/wp\/v2\/media?parent=145"}],"curies":[{"name":"wp","href":"https:\/\/api.w.org\/{rel}","templated":true}]}}