{"id":1369,"date":"2021-01-09T13:01:54","date_gmt":"2021-01-09T10:01:54","guid":{"rendered":"https:\/\/www.sgtd-terminal.com\/recrutement\/"},"modified":"2021-06-19T13:02:38","modified_gmt":"2021-06-19T10:02:38","slug":"recrutement","status":"publish","type":"page","link":"https:\/\/www.sgtd-terminal.com\/fr\/recrutement\/","title":{"rendered":"Recrutement"},"content":{"rendered":"\t\t<div data-elementor-type=\"wp-page\" data-elementor-id=\"1369\" class=\"elementor elementor-1369 elementor-1356\" data-elementor-post-type=\"page\">\n\t\t\t\t\t\t<section class=\"elementor-section elementor-top-section elementor-element elementor-element-bed50d5 elementor-section-boxed elementor-section-height-default elementor-section-height-default\" data-id=\"bed50d5\" data-element_type=\"section\" data-e-type=\"section\" data-settings=\"{&quot;background_background&quot;:&quot;classic&quot;}\">\n\t\t\t\t\t\t\t<div class=\"elementor-background-overlay\"><\/div>\n\t\t\t\t\t\t\t<div class=\"elementor-container elementor-column-gap-default\">\n\t\t\t\t\t<div class=\"elementor-column elementor-col-100 elementor-top-column elementor-element elementor-element-1d9e89c\" data-id=\"1d9e89c\" data-element_type=\"column\" data-e-type=\"column\" data-settings=\"{&quot;background_background&quot;:&quot;classic&quot;}\">\n\t\t\t<div class=\"elementor-widget-wrap elementor-element-populated\">\n\t\t\t\t\t\t<div class=\"elementor-element elementor-element-f0e93ef elementor-widget elementor-widget-heading\" data-id=\"f0e93ef\" data-element_type=\"widget\" data-e-type=\"widget\" data-widget_type=\"heading.default\">\n\t\t\t\t<div class=\"elementor-widget-container\">\n\t\t\t\t\t<h1 class=\"elementor-heading-title elementor-size-default\">Recrutement<\/h1>\t\t\t\t<\/div>\n\t\t\t\t<\/div>\n\t\t\t\t<div class=\"elementor-element elementor-element-557d49e elementor-align-center elementor-widget elementor-widget-breadcrumbs\" data-id=\"557d49e\" data-element_type=\"widget\" data-e-type=\"widget\" data-widget_type=\"breadcrumbs.default\">\n\t\t\t\t<div class=\"elementor-widget-container\">\n\t\t\t\t\t<p id=\"breadcrumbs\"><\/p>\t\t\t\t<\/div>\n\t\t\t\t<\/div>\n\t\t\t\t\t<\/div>\n\t\t<\/div>\n\t\t\t\t\t<\/div>\n\t\t<\/section>\n\t\t\t\t<section class=\"elementor-section elementor-top-section elementor-element elementor-element-b2db40d elementor-section-boxed elementor-section-height-default elementor-section-height-default\" data-id=\"b2db40d\" data-element_type=\"section\" data-e-type=\"section\">\n\t\t\t\t\t\t<div class=\"elementor-container elementor-column-gap-default\">\n\t\t\t\t\t<div class=\"elementor-column elementor-col-100 elementor-top-column elementor-element elementor-element-5efb4ec\" data-id=\"5efb4ec\" data-element_type=\"column\" data-e-type=\"column\">\n\t\t\t<div class=\"elementor-widget-wrap elementor-element-populated\">\n\t\t\t\t\t\t<div class=\"elementor-element elementor-element-d9d8679 elementor-invisible elementor-widget elementor-widget-text-editor\" data-id=\"d9d8679\" data-element_type=\"widget\" data-e-type=\"widget\" data-settings=\"{&quot;_animation&quot;:&quot;fadeIn&quot;}\" data-widget_type=\"text-editor.default\">\n\t\t\t\t<div class=\"elementor-widget-container\">\n\t\t\t\t\t\t\t\t\t<p>Rejoignez-nous ! SGTD s\u2019engage \u00e0 donner des opportunit\u00e9s \u00e0 tous. Pour toute question, veuillez contacter notre \u00e9quipe RH \u00e0 l&rsquo;adresse suivante : <a href=\"mailto:dct.recrutement@dct.dj\">dct.recrutement@dct.dj<\/a>.<\/p>\n\t\t\t\t\t\t\t\t<\/div>\n\t\t\t\t<\/div>\n\t\t\t\t\t<\/div>\n\t\t<\/div>\n\t\t\t\t\t<\/div>\n\t\t<\/section>\n\t\t\t\t<section class=\"elementor-section elementor-top-section elementor-element elementor-element-f9939e9 elementor-section-boxed elementor-section-height-default elementor-section-height-default\" data-id=\"f9939e9\" data-element_type=\"section\" data-e-type=\"section\">\n\t\t\t\t\t\t<div class=\"elementor-container elementor-column-gap-default\">\n\t\t\t\t\t<div class=\"elementor-column elementor-col-100 elementor-top-column elementor-element elementor-element-cf80f92\" data-id=\"cf80f92\" data-element_type=\"column\" data-e-type=\"column\">\n\t\t\t<div class=\"elementor-widget-wrap elementor-element-populated\">\n\t\t\t\t\t\t<div class=\"elementor-element elementor-element-42b30fa elementor-invisible elementor-widget elementor-widget-image\" data-id=\"42b30fa\" data-element_type=\"widget\" data-e-type=\"widget\" data-settings=\"{&quot;_animation&quot;:&quot;fadeIn&quot;}\" data-widget_type=\"image.default\">\n\t\t\t\t<div class=\"elementor-widget-container\">\n\t\t\t\t\t\t\t\t\t\t\t\t\t\t\t<img fetchpriority=\"high\" decoding=\"async\" width=\"800\" height=\"534\" src=\"https:\/\/www.sgtd-terminal.com\/wp-content\/uploads\/2021\/02\/about-us-visual-2-1024x683.jpg\" class=\"attachment-large size-large wp-image-1602\" alt=\"\" srcset=\"https:\/\/www.sgtd-terminal.com\/wp-content\/uploads\/2021\/02\/about-us-visual-2-1024x683.jpg 1024w, https:\/\/www.sgtd-terminal.com\/wp-content\/uploads\/2021\/02\/about-us-visual-2-300x200.jpg 300w, https:\/\/www.sgtd-terminal.com\/wp-content\/uploads\/2021\/02\/about-us-visual-2.jpg 1140w\" sizes=\"(max-width: 800px) 100vw, 800px\" \/>\t\t\t\t\t\t\t\t\t\t\t\t\t\t\t<\/div>\n\t\t\t\t<\/div>\n\t\t\t\t\t<\/div>\n\t\t<\/div>\n\t\t\t\t\t<\/div>\n\t\t<\/section>\n\t\t\t\t<\/div>\n\t\t","protected":false},"excerpt":{"rendered":"<p>Recrutement Rejoignez-nous ! SGTD s\u2019engage \u00e0 donner des opportunit\u00e9s \u00e0 tous. Pour toute question, veuillez contacter notre \u00e9quipe RH \u00e0 l&rsquo;adresse suivante : dct.recrutement@dct.dj.<\/p>\n","protected":false},"author":1,"featured_media":3622,"parent":0,"menu_order":0,"comment_status":"closed","ping_status":"closed","template":"","meta":{"_uf_show_specific_survey":0,"_uf_disable_surveys":false,"footnotes":""},"class_list":["post-1369","page","type-page","status-publish","has-post-thumbnail","hentry"],"yoast_head":"<!-- This site is optimized with the Yoast SEO plugin v26.9 - https:\/\/yoast.com\/product\/yoast-seo-wordpress\/ -->\n<title>Recrutement - SGTD<\/title>\n<meta name=\"description\" content=\"Rejoignez-nous ! SGTD s\u2019engage \u00e0 donner des opportunit\u00e9s \u00e0 tous.\" \/>\n<meta name=\"robots\" content=\"index, follow, max-snippet:-1, max-image-preview:large, max-video-preview:-1\" \/>\n<link rel=\"canonical\" href=\"https:\/\/www.sgtd-terminal.com\/fr\/recrutement\/\" \/>\n<meta property=\"og:locale\" content=\"fr_FR\" \/>\n<meta property=\"og:type\" content=\"article\" \/>\n<meta property=\"og:title\" content=\"Recrutement - SGTD\" \/>\n<meta property=\"og:description\" content=\"Rejoignez-nous ! SGTD s\u2019engage \u00e0 donner des opportunit\u00e9s \u00e0 tous.\" \/>\n<meta property=\"og:url\" content=\"https:\/\/www.sgtd-terminal.com\/fr\/recrutement\/\" \/>\n<meta property=\"og:site_name\" content=\"SGTD\" \/>\n<meta property=\"article:modified_time\" content=\"2021-06-19T10:02:38+00:00\" \/>\n<meta property=\"og:image\" content=\"https:\/\/www.sgtd-terminal.com\/wp-content\/uploads\/2021\/06\/DJI_0849_OG.jpg\" \/>\n\t<meta property=\"og:image:width\" content=\"1200\" \/>\n\t<meta property=\"og:image:height\" content=\"630\" \/>\n\t<meta property=\"og:image:type\" content=\"image\/jpeg\" \/>\n<meta name=\"twitter:card\" content=\"summary_large_image\" \/>\n<meta name=\"twitter:label1\" content=\"Dur\u00e9e de lecture estim\u00e9e\" \/>\n\t<meta name=\"twitter:data1\" content=\"1 minute\" \/>\n<script type=\"application\/ld+json\" class=\"yoast-schema-graph\">{\"@context\":\"https:\/\/schema.org\",\"@graph\":[{\"@type\":\"WebPage\",\"@id\":\"https:\/\/www.sgtd-terminal.com\/fr\/recrutement\/\",\"url\":\"https:\/\/www.sgtd-terminal.com\/fr\/recrutement\/\",\"name\":\"Recrutement - SGTD\",\"isPartOf\":{\"@id\":\"https:\/\/www.sgtd-terminal.com\/fr\/#website\"},\"primaryImageOfPage\":{\"@id\":\"https:\/\/www.sgtd-terminal.com\/fr\/recrutement\/#primaryimage\"},\"image\":{\"@id\":\"https:\/\/www.sgtd-terminal.com\/fr\/recrutement\/#primaryimage\"},\"thumbnailUrl\":\"https:\/\/www.sgtd-terminal.com\/wp-content\/uploads\/2021\/06\/DJI_0849_OG.jpg\",\"datePublished\":\"2021-01-09T10:01:54+00:00\",\"dateModified\":\"2021-06-19T10:02:38+00:00\",\"description\":\"Rejoignez-nous ! SGTD s\u2019engage \u00e0 donner des opportunit\u00e9s \u00e0 tous.\",\"inLanguage\":\"fr-FR\",\"potentialAction\":[{\"@type\":\"ReadAction\",\"target\":[\"https:\/\/www.sgtd-terminal.com\/fr\/recrutement\/\"]}]},{\"@type\":\"ImageObject\",\"inLanguage\":\"fr-FR\",\"@id\":\"https:\/\/www.sgtd-terminal.com\/fr\/recrutement\/#primaryimage\",\"url\":\"https:\/\/www.sgtd-terminal.com\/wp-content\/uploads\/2021\/06\/DJI_0849_OG.jpg\",\"contentUrl\":\"https:\/\/www.sgtd-terminal.com\/wp-content\/uploads\/2021\/06\/DJI_0849_OG.jpg\",\"width\":1200,\"height\":630},{\"@type\":\"WebSite\",\"@id\":\"https:\/\/www.sgtd-terminal.com\/fr\/#website\",\"url\":\"https:\/\/www.sgtd-terminal.com\/fr\/\",\"name\":\"SGTD\",\"description\":\"Soci\u00e9t\u00e9 de Gestion du Terminal \u00e0 conteneurs de Doraleh\",\"publisher\":{\"@id\":\"https:\/\/www.sgtd-terminal.com\/fr\/#organization\"},\"potentialAction\":[{\"@type\":\"SearchAction\",\"target\":{\"@type\":\"EntryPoint\",\"urlTemplate\":\"https:\/\/www.sgtd-terminal.com\/fr\/?s={search_term_string}\"},\"query-input\":{\"@type\":\"PropertyValueSpecification\",\"valueRequired\":true,\"valueName\":\"search_term_string\"}}],\"inLanguage\":\"fr-FR\"},{\"@type\":\"Organization\",\"@id\":\"https:\/\/www.sgtd-terminal.com\/fr\/#organization\",\"name\":\"SGTD\",\"url\":\"https:\/\/www.sgtd-terminal.com\/fr\/\",\"logo\":{\"@type\":\"ImageObject\",\"inLanguage\":\"fr-FR\",\"@id\":\"https:\/\/www.sgtd-terminal.com\/fr\/#\/schema\/logo\/image\/\",\"url\":\"https:\/\/www.sgtd-terminal.com\/wp-content\/uploads\/2020\/12\/SGTD-logo-black.png\",\"contentUrl\":\"https:\/\/www.sgtd-terminal.com\/wp-content\/uploads\/2020\/12\/SGTD-logo-black.png\",\"width\":400,\"height\":180,\"caption\":\"SGTD\"},\"image\":{\"@id\":\"https:\/\/www.sgtd-terminal.com\/fr\/#\/schema\/logo\/image\/\"}}]}<\/script>\n<!-- \/ Yoast SEO plugin. -->","yoast_head_json":{"title":"Recrutement - SGTD","description":"Rejoignez-nous ! SGTD s\u2019engage \u00e0 donner des opportunit\u00e9s \u00e0 tous.","robots":{"index":"index","follow":"follow","max-snippet":"max-snippet:-1","max-image-preview":"max-image-preview:large","max-video-preview":"max-video-preview:-1"},"canonical":"https:\/\/www.sgtd-terminal.com\/fr\/recrutement\/","og_locale":"fr_FR","og_type":"article","og_title":"Recrutement - SGTD","og_description":"Rejoignez-nous ! SGTD s\u2019engage \u00e0 donner des opportunit\u00e9s \u00e0 tous.","og_url":"https:\/\/www.sgtd-terminal.com\/fr\/recrutement\/","og_site_name":"SGTD","article_modified_time":"2021-06-19T10:02:38+00:00","og_image":[{"width":1200,"height":630,"url":"https:\/\/www.sgtd-terminal.com\/wp-content\/uploads\/2021\/06\/DJI_0849_OG.jpg","type":"image\/jpeg"}],"twitter_card":"summary_large_image","twitter_misc":{"Dur\u00e9e de lecture estim\u00e9e":"1 minute"},"schema":{"@context":"https:\/\/schema.org","@graph":[{"@type":"WebPage","@id":"https:\/\/www.sgtd-terminal.com\/fr\/recrutement\/","url":"https:\/\/www.sgtd-terminal.com\/fr\/recrutement\/","name":"Recrutement - SGTD","isPartOf":{"@id":"https:\/\/www.sgtd-terminal.com\/fr\/#website"},"primaryImageOfPage":{"@id":"https:\/\/www.sgtd-terminal.com\/fr\/recrutement\/#primaryimage"},"image":{"@id":"https:\/\/www.sgtd-terminal.com\/fr\/recrutement\/#primaryimage"},"thumbnailUrl":"https:\/\/www.sgtd-terminal.com\/wp-content\/uploads\/2021\/06\/DJI_0849_OG.jpg","datePublished":"2021-01-09T10:01:54+00:00","dateModified":"2021-06-19T10:02:38+00:00","description":"Rejoignez-nous ! SGTD s\u2019engage \u00e0 donner des opportunit\u00e9s \u00e0 tous.","inLanguage":"fr-FR","potentialAction":[{"@type":"ReadAction","target":["https:\/\/www.sgtd-terminal.com\/fr\/recrutement\/"]}]},{"@type":"ImageObject","inLanguage":"fr-FR","@id":"https:\/\/www.sgtd-terminal.com\/fr\/recrutement\/#primaryimage","url":"https:\/\/www.sgtd-terminal.com\/wp-content\/uploads\/2021\/06\/DJI_0849_OG.jpg","contentUrl":"https:\/\/www.sgtd-terminal.com\/wp-content\/uploads\/2021\/06\/DJI_0849_OG.jpg","width":1200,"height":630},{"@type":"WebSite","@id":"https:\/\/www.sgtd-terminal.com\/fr\/#website","url":"https:\/\/www.sgtd-terminal.com\/fr\/","name":"SGTD","description":"Soci\u00e9t\u00e9 de Gestion du Terminal \u00e0 conteneurs de Doraleh","publisher":{"@id":"https:\/\/www.sgtd-terminal.com\/fr\/#organization"},"potentialAction":[{"@type":"SearchAction","target":{"@type":"EntryPoint","urlTemplate":"https:\/\/www.sgtd-terminal.com\/fr\/?s={search_term_string}"},"query-input":{"@type":"PropertyValueSpecification","valueRequired":true,"valueName":"search_term_string"}}],"inLanguage":"fr-FR"},{"@type":"Organization","@id":"https:\/\/www.sgtd-terminal.com\/fr\/#organization","name":"SGTD","url":"https:\/\/www.sgtd-terminal.com\/fr\/","logo":{"@type":"ImageObject","inLanguage":"fr-FR","@id":"https:\/\/www.sgtd-terminal.com\/fr\/#\/schema\/logo\/image\/","url":"https:\/\/www.sgtd-terminal.com\/wp-content\/uploads\/2020\/12\/SGTD-logo-black.png","contentUrl":"https:\/\/www.sgtd-terminal.com\/wp-content\/uploads\/2020\/12\/SGTD-logo-black.png","width":400,"height":180,"caption":"SGTD"},"image":{"@id":"https:\/\/www.sgtd-terminal.com\/fr\/#\/schema\/logo\/image\/"}}]}},"_links":{"self":[{"href":"https:\/\/www.sgtd-terminal.com\/fr\/wp-json\/wp\/v2\/pages\/1369","targetHints":{"allow":["GET"]}}],"collection":[{"href":"https:\/\/www.sgtd-terminal.com\/fr\/wp-json\/wp\/v2\/pages"}],"about":[{"href":"https:\/\/www.sgtd-terminal.com\/fr\/wp-json\/wp\/v2\/types\/page"}],"author":[{"embeddable":true,"href":"https:\/\/www.sgtd-terminal.com\/fr\/wp-json\/wp\/v2\/users\/1"}],"replies":[{"embeddable":true,"href":"https:\/\/www.sgtd-terminal.com\/fr\/wp-json\/wp\/v2\/comments?post=1369"}],"version-history":[{"count":11,"href":"https:\/\/www.sgtd-terminal.com\/fr\/wp-json\/wp\/v2\/pages\/1369\/revisions"}],"predecessor-version":[{"id":3646,"href":"https:\/\/www.sgtd-terminal.com\/fr\/wp-json\/wp\/v2\/pages\/1369\/revisions\/3646"}],"wp:featuredmedia":[{"embeddable":true,"href":"https:\/\/www.sgtd-terminal.com\/fr\/wp-json\/wp\/v2\/media\/3622"}],"wp:attachment":[{"href":"https:\/\/www.sgtd-terminal.com\/fr\/wp-json\/wp\/v2\/media?parent=1369"}],"curies":[{"name":"wp","href":"https:\/\/api.w.org\/{rel}","templated":true}]}}